{"id":325,"date":"2024-03-15T15:13:28","date_gmt":"2024-03-15T18:13:28","guid":{"rendered":"https:\/\/tresmaresdiseno.net\/?page_id=325"},"modified":"2024-05-15T12:10:52","modified_gmt":"2024-05-15T15:10:52","slug":"artigas","status":"publish","type":"page","link":"https:\/\/tresmaresdiseno.net\/index.php\/artigas\/","title":{"rendered":""},"content":{"rendered":"\n<div class=\"wp-block-cover\"><span aria-hidden=\"true\" class=\"wp-block-cover__background has-background-dim\"><\/span><img loading=\"lazy\" decoding=\"async\" width=\"1920\" height=\"1080\" class=\"wp-block-cover__image-background wp-image-326\" alt=\"\" src=\"https:\/\/tresmaresdiseno.net\/wp-content\/uploads\/2024\/03\/Copia-de-ARTIGAS-3-e1713796328315.jpg\" data-object-fit=\"cover\" srcset=\"https:\/\/tresmaresdiseno.net\/wp-content\/uploads\/2024\/03\/Copia-de-ARTIGAS-3-e1713796328315.jpg 1920w, https:\/\/tresmaresdiseno.net\/wp-content\/uploads\/2024\/03\/Copia-de-ARTIGAS-3-e1713796328315-300x169.jpg 300w, https:\/\/tresmaresdiseno.net\/wp-content\/uploads\/2024\/03\/Copia-de-ARTIGAS-3-e1713796328315-1024x576.jpg 1024w, https:\/\/tresmaresdiseno.net\/wp-content\/uploads\/2024\/03\/Copia-de-ARTIGAS-3-e1713796328315-768x432.jpg 768w, https:\/\/tresmaresdiseno.net\/wp-content\/uploads\/2024\/03\/Copia-de-ARTIGAS-3-e1713796328315-1536x864.jpg 1536w\" sizes=\"(max-width: 1920px) 100vw, 1920px\" \/><div class=\"wp-block-cover__inner-container is-layout-constrained wp-container-core-cover-is-layout-1 wp-block-cover-is-layout-constrained\">\n<h1 class=\"wp-block-heading has-text-align-left has-xxx-large-font-size\">Artigas<\/h1>\n\n\n\n<p class=\"has-small-font-size\">Formato: Docu Serie | Hist\u00f3rica<\/p>\n\n\n\n<p class=\"has-small-font-size\">A\u00f1o: 2019<\/p>\n\n\n\n<p class=\"has-small-font-size\">Pa\u00eds: Argentina<\/p>\n\n\n\n<p class=\"has-small-font-size\">G\u00e9nero: Aventura | \u00c9pica | B\u00e9lica | De ep\u00f3ca<\/p>\n\n\n\n<p class=\"has-small-font-size\">Idioma: Espa\u00f1ol&nbsp;<\/p>\n\n\n\n<p class=\"has-small-font-size\">Subtitulado: Ingl\u00e9s<\/p>\n\n\n\n<p class=\"has-small-font-size\" style=\"margin-top:0;margin-bottom:var(--wp--preset--spacing--40)\">Episodios: 4 x 28\u00b4<\/p>\n\n\n\n<div class=\"wp-block-buttons is-layout-flex wp-block-buttons-is-layout-flex\">\n<div class=\"wp-block-button is-style-outline is-style-outline--147e46d5c1bba2d69fef300392824d3a\"><a class=\"wp-block-button__link has-primary-color has-text-color has-link-color has-border-color wp-element-button\" href=\"https:\/\/youtu.be\/33_8RBpkCBk\" style=\"border-color:#a4d3dd;border-radius:0px;padding-top:var(--wp--preset--spacing--20);padding-bottom:var(--wp--preset--spacing--20)\" target=\"_blank\" rel=\"noreferrer noopener\"><strong>Trailer<\/strong><\/a><\/div>\n<\/div>\n<\/div><\/div>\n\n\n\n<div class=\"wp-block-cover is-light\" style=\"min-height:651px;aspect-ratio:unset;\"><span aria-hidden=\"true\" class=\"wp-block-cover__background has-transparent-background-color has-background-dim-100 has-background-dim\"><\/span><div class=\"wp-block-cover__inner-container is-layout-constrained wp-container-core-cover-is-layout-2 wp-block-cover-is-layout-constrained\">\n<div style=\"height:24px\" aria-hidden=\"true\" class=\"wp-block-spacer\"><\/div>\n\n\n\n<h2 class=\"wp-block-heading has-text-align-left has-heading-color-color has-text-color has-link-color has-large-font-size wp-elements-4fe7660b3187d2acd7b975ed8097f6df\">Sinopsis<\/h2>\n\n\n\n<p class=\"has-heading-color-color has-text-color has-link-color has-small-font-size wp-elements-6cc213396edff12da15bfe8cbf84240c\">\u201cArtigas\u201d es una docu serie hist\u00f3rica que narra la vida del primer caudillo rioplatense que hizo una revoluci\u00f3n dentro de la revoluci\u00f3n americana. Su sue\u00f1o de una democracia gaucha y federal donde \u201cnadie es m\u00e1s que nadie\u201d; choc\u00f3 contra los intereses del Puerto de Buenos Aires y el Imperio Portug\u00faes, que lo combatieron con todas sus fuerzas.&nbsp;<\/p>\n\n\n\n<p class=\"has-heading-color-color has-text-color has-link-color has-small-font-size wp-elements-973b7c106c9dde6b16c4fd08e976b905\">Sus acciones heroicas y sus ideas pol\u00edticas lo convierten en el l\u00edder popular m\u00e1s poderoso del R\u00edo de la Plata. Pero cuanto m\u00e1s crece su influencia, m\u00e1s aumentan las intrigas y el odio de sus enemigos y de sus aliados. Luego de diez a\u00f1os de guerra, es empujado a un largo exilio en Paraguay, donde se convierte en leyenda.<\/p>\n\n\n\n<div style=\"height:24px\" aria-hidden=\"true\" class=\"wp-block-spacer\"><\/div>\n\n\n\n<div class=\"wp-block-columns is-layout-flex wp-container-core-columns-is-layout-1 wp-block-columns-is-layout-flex\">\n<div class=\"wp-block-column is-layout-flow wp-block-column-is-layout-flow\">\n<figure class=\"wp-block-image aligncenter size-full is-resized\"><img loading=\"lazy\" decoding=\"async\" width=\"500\" height=\"500\" src=\"https:\/\/tresmaresdiseno.net\/wp-content\/uploads\/2024\/03\/1.png\" alt=\"\" class=\"wp-image-332\" style=\"width:150px\" srcset=\"https:\/\/tresmaresdiseno.net\/wp-content\/uploads\/2024\/03\/1.png 500w, https:\/\/tresmaresdiseno.net\/wp-content\/uploads\/2024\/03\/1-300x300.png 300w, https:\/\/tresmaresdiseno.net\/wp-content\/uploads\/2024\/03\/1-150x150.png 150w\" sizes=\"(max-width: 500px) 100vw, 500px\" \/><\/figure>\n\n\n\n<h5 class=\"wp-block-heading has-text-align-center has-heading-color-color has-text-color has-link-color wp-elements-a3089960b2d9af0a7c58e1d8a0588b03\">Direcci\u00f3n<\/h5>\n\n\n\n<p class=\"has-text-align-center has-heading-color-color has-text-color has-link-color wp-elements-583b28c8c575c4e01fedd83e6dfe6fe3\">Mauricio Minotti<\/p>\n<\/div>\n\n\n\n<div class=\"wp-block-column is-layout-flow wp-block-column-is-layout-flow\">\n<figure class=\"wp-block-image aligncenter size-full is-resized\"><img loading=\"lazy\" decoding=\"async\" width=\"500\" height=\"500\" src=\"https:\/\/tresmaresdiseno.net\/wp-content\/uploads\/2024\/03\/3.png\" alt=\"\" class=\"wp-image-333\" style=\"width:150px\" srcset=\"https:\/\/tresmaresdiseno.net\/wp-content\/uploads\/2024\/03\/3.png 500w, https:\/\/tresmaresdiseno.net\/wp-content\/uploads\/2024\/03\/3-300x300.png 300w, https:\/\/tresmaresdiseno.net\/wp-content\/uploads\/2024\/03\/3-150x150.png 150w\" sizes=\"(max-width: 500px) 100vw, 500px\" \/><\/figure>\n\n\n\n<h5 class=\"wp-block-heading has-text-align-center has-heading-color-color has-text-color has-link-color wp-elements-7f4eab24067e0cf29fcf9bbe8f88ec3d\">Gui\u00f3n<\/h5>\n\n\n\n<p class=\"has-text-align-center has-heading-color-color has-text-color has-link-color wp-elements-6c224deaf03e41f0f805f4c7a503cc29\">Ezequiel &#8220;Pepe&#8221; Cazzola &#8211; Esteban Garelli &#8211; Mauricio Minotti<\/p>\n<\/div>\n\n\n\n<div class=\"wp-block-column is-layout-flow wp-block-column-is-layout-flow\">\n<figure class=\"wp-block-image aligncenter size-full is-resized\"><img loading=\"lazy\" decoding=\"async\" width=\"500\" height=\"500\" src=\"https:\/\/tresmaresdiseno.net\/wp-content\/uploads\/2024\/03\/2.png\" alt=\"\" class=\"wp-image-334\" style=\"width:150px\" srcset=\"https:\/\/tresmaresdiseno.net\/wp-content\/uploads\/2024\/03\/2.png 500w, https:\/\/tresmaresdiseno.net\/wp-content\/uploads\/2024\/03\/2-300x300.png 300w, https:\/\/tresmaresdiseno.net\/wp-content\/uploads\/2024\/03\/2-150x150.png 150w\" sizes=\"(max-width: 500px) 100vw, 500px\" \/><\/figure>\n\n\n\n<h5 class=\"wp-block-heading has-text-align-center has-heading-color-color has-text-color has-link-color wp-elements-0dd733b13470319ddbcfb8151b2ce1d7\">Producci\u00f3n<\/h5>\n\n\n\n<p class=\"has-text-align-center has-heading-color-color has-text-color has-link-color wp-elements-fa887117e89987c7bd3e89d5396a608b\">Mar\u00eda Eugenia Ferrer<\/p>\n<\/div>\n<\/div>\n\n\n\n<div style=\"height:24px\" aria-hidden=\"true\" class=\"wp-block-spacer\"><\/div>\n\n\n\n<h2 class=\"wp-block-heading has-heading-color-color has-text-color has-link-color has-large-font-size wp-elements-864c90bf6ff77b9dcfc99d5aff0bb63f\">REPARTO<\/h2>\n\n\n\n<p class=\"has-heading-color-color has-text-color has-link-color has-small-font-size wp-elements-380f04176aa021f03608ae6420f3ffa0\">Iv\u00e1n Espeche Gil, Donald Bodie, Fernando Madanes, Jos\u00e9 Luis Pereira.<\/p>\n\n\n\n<h2 class=\"wp-block-heading has-heading-color-color has-text-color has-link-color has-large-font-size wp-elements-f44525968c0945be571999b3fc8fb512\">PREMIOS<\/h2>\n\n\n\n<p class=\"has-heading-color-color has-text-color has-link-color has-small-font-size wp-elements-f87267d81aa30aaa8cff73bc0cdf8b09\">Ganadora Plan Fomento INCAA 2018. En co-producci\u00f3n con&nbsp;Canal Encuentro&nbsp;y&nbsp;Tv P\u00fablica.<\/p>\n\n\n\n<h2 class=\"wp-block-heading has-heading-color-color has-text-color has-link-color has-large-font-size wp-elements-0f04578588eae5d0dec1450ad3c60b89\">CR\u00cdTICA<\/h2>\n\n\n\n<blockquote class=\"wp-block-quote has-text-align-center is-layout-flow wp-block-quote-is-layout-flow\">\n<p class=\"has-text-align-center has-heading-color-color has-text-color has-link-color has-small-font-size wp-elements-9229a0d4d3ddf0d8f4c18eaba7087457\"><em>&#8220;UNA PROPUESTA SENCILLA Y DE UNA ENORME CALIDEZ HUMANA EN LA CONCEPCI\u00d3N DEL PERSONAJE<\/em>&#8220;<\/p>\n<\/blockquote>\n<\/div><\/div>\n","protected":false},"excerpt":{"rendered":"","protected":false},"author":1,"featured_media":0,"parent":0,"menu_order":0,"comment_status":"closed","ping_status":"closed","template":"","meta":{"footnotes":""},"class_list":["post-325","page","type-page","status-publish","hentry"],"yoast_head":"<!-- This site is optimized with the Yoast SEO plugin v23.0 - https:\/\/yoast.com\/wordpress\/plugins\/seo\/ -->\n<title>- Productora Tres Mares<\/title>\n<meta name=\"robots\" content=\"noindex, follow, max-snippet:-1, max-image-preview:large, max-video-preview:-1\" \/>\n<meta property=\"og:locale\" content=\"es_ES\" \/>\n<meta property=\"og:type\" content=\"article\" \/>\n<meta property=\"og:title\" content=\"- Productora Tres Mares\" \/>\n<meta property=\"og:url\" content=\"https:\/\/tresmaresdiseno.net\/index.php\/artigas\/\" \/>\n<meta property=\"og:site_name\" content=\"Productora Tres Mares\" \/>\n<meta property=\"article:modified_time\" content=\"2024-05-15T15:10:52+00:00\" \/>\n<meta property=\"og:image\" content=\"http:\/\/tresmaresdiseno.net\/wp-content\/uploads\/2024\/03\/Copia-de-ARTIGAS-3-e1713796328315.jpg\" \/>\n<meta name=\"twitter:card\" content=\"summary_large_image\" \/>\n<meta name=\"twitter:label1\" content=\"Tiempo de lectura\" \/>\n\t<meta name=\"twitter:data1\" content=\"2 minutos\" \/>\n<script type=\"application\/ld+json\" class=\"yoast-schema-graph\">{\"@context\":\"https:\/\/schema.org\",\"@graph\":[{\"@type\":\"WebPage\",\"@id\":\"https:\/\/tresmaresdiseno.net\/index.php\/artigas\/\",\"url\":\"https:\/\/tresmaresdiseno.net\/index.php\/artigas\/\",\"name\":\"- Productora Tres Mares\",\"isPartOf\":{\"@id\":\"https:\/\/tresmaresproductora.com\/#website\"},\"primaryImageOfPage\":{\"@id\":\"https:\/\/tresmaresdiseno.net\/index.php\/artigas\/#primaryimage\"},\"image\":{\"@id\":\"https:\/\/tresmaresdiseno.net\/index.php\/artigas\/#primaryimage\"},\"thumbnailUrl\":\"http:\/\/tresmaresdiseno.net\/wp-content\/uploads\/2024\/03\/Copia-de-ARTIGAS-3-e1713796328315.jpg\",\"datePublished\":\"2024-03-15T18:13:28+00:00\",\"dateModified\":\"2024-05-15T15:10:52+00:00\",\"inLanguage\":\"es-AR\",\"potentialAction\":[{\"@type\":\"ReadAction\",\"target\":[\"https:\/\/tresmaresdiseno.net\/index.php\/artigas\/\"]}]},{\"@type\":\"ImageObject\",\"inLanguage\":\"es-AR\",\"@id\":\"https:\/\/tresmaresdiseno.net\/index.php\/artigas\/#primaryimage\",\"url\":\"https:\/\/tresmaresdiseno.net\/wp-content\/uploads\/2024\/03\/Copia-de-ARTIGAS-3-e1713796328315.jpg\",\"contentUrl\":\"https:\/\/tresmaresdiseno.net\/wp-content\/uploads\/2024\/03\/Copia-de-ARTIGAS-3-e1713796328315.jpg\",\"width\":1920,\"height\":1080},{\"@type\":\"WebSite\",\"@id\":\"https:\/\/tresmaresproductora.com\/#website\",\"url\":\"https:\/\/tresmaresproductora.com\/\",\"name\":\"Productora Tres Mares\",\"description\":\"\",\"publisher\":{\"@id\":\"https:\/\/tresmaresproductora.com\/#organization\"},\"potentialAction\":[{\"@type\":\"SearchAction\",\"target\":{\"@type\":\"EntryPoint\",\"urlTemplate\":\"https:\/\/tresmaresproductora.com\/?s={search_term_string}\"},\"query-input\":\"required name=search_term_string\"}],\"inLanguage\":\"es-AR\"},{\"@type\":\"Organization\",\"@id\":\"https:\/\/tresmaresproductora.com\/#organization\",\"name\":\"Productora Tres Mares\",\"url\":\"https:\/\/tresmaresproductora.com\/\",\"logo\":{\"@type\":\"ImageObject\",\"inLanguage\":\"es-AR\",\"@id\":\"https:\/\/tresmaresproductora.com\/#\/schema\/logo\/image\/\",\"url\":\"https:\/\/tresmaresdiseno.net\/wp-content\/uploads\/2024\/01\/logo-01.png\",\"contentUrl\":\"https:\/\/tresmaresdiseno.net\/wp-content\/uploads\/2024\/01\/logo-01.png\",\"width\":750,\"height\":104,\"caption\":\"Productora Tres Mares\"},\"image\":{\"@id\":\"https:\/\/tresmaresproductora.com\/#\/schema\/logo\/image\/\"}}]}<\/script>\n<!-- \/ Yoast SEO plugin. -->","yoast_head_json":{"title":"- Productora Tres Mares","robots":{"index":"noindex","follow":"follow","max-snippet":"max-snippet:-1","max-image-preview":"max-image-preview:large","max-video-preview":"max-video-preview:-1"},"og_locale":"es_ES","og_type":"article","og_title":"- Productora Tres Mares","og_url":"https:\/\/tresmaresdiseno.net\/index.php\/artigas\/","og_site_name":"Productora Tres Mares","article_modified_time":"2024-05-15T15:10:52+00:00","og_image":[{"url":"http:\/\/tresmaresdiseno.net\/wp-content\/uploads\/2024\/03\/Copia-de-ARTIGAS-3-e1713796328315.jpg"}],"twitter_card":"summary_large_image","twitter_misc":{"Tiempo de lectura":"2 minutos"},"schema":{"@context":"https:\/\/schema.org","@graph":[{"@type":"WebPage","@id":"https:\/\/tresmaresdiseno.net\/index.php\/artigas\/","url":"https:\/\/tresmaresdiseno.net\/index.php\/artigas\/","name":"- Productora Tres Mares","isPartOf":{"@id":"https:\/\/tresmaresproductora.com\/#website"},"primaryImageOfPage":{"@id":"https:\/\/tresmaresdiseno.net\/index.php\/artigas\/#primaryimage"},"image":{"@id":"https:\/\/tresmaresdiseno.net\/index.php\/artigas\/#primaryimage"},"thumbnailUrl":"http:\/\/tresmaresdiseno.net\/wp-content\/uploads\/2024\/03\/Copia-de-ARTIGAS-3-e1713796328315.jpg","datePublished":"2024-03-15T18:13:28+00:00","dateModified":"2024-05-15T15:10:52+00:00","inLanguage":"es-AR","potentialAction":[{"@type":"ReadAction","target":["https:\/\/tresmaresdiseno.net\/index.php\/artigas\/"]}]},{"@type":"ImageObject","inLanguage":"es-AR","@id":"https:\/\/tresmaresdiseno.net\/index.php\/artigas\/#primaryimage","url":"https:\/\/tresmaresdiseno.net\/wp-content\/uploads\/2024\/03\/Copia-de-ARTIGAS-3-e1713796328315.jpg","contentUrl":"https:\/\/tresmaresdiseno.net\/wp-content\/uploads\/2024\/03\/Copia-de-ARTIGAS-3-e1713796328315.jpg","width":1920,"height":1080},{"@type":"WebSite","@id":"https:\/\/tresmaresproductora.com\/#website","url":"https:\/\/tresmaresproductora.com\/","name":"Productora Tres Mares","description":"","publisher":{"@id":"https:\/\/tresmaresproductora.com\/#organization"},"potentialAction":[{"@type":"SearchAction","target":{"@type":"EntryPoint","urlTemplate":"https:\/\/tresmaresproductora.com\/?s={search_term_string}"},"query-input":"required name=search_term_string"}],"inLanguage":"es-AR"},{"@type":"Organization","@id":"https:\/\/tresmaresproductora.com\/#organization","name":"Productora Tres Mares","url":"https:\/\/tresmaresproductora.com\/","logo":{"@type":"ImageObject","inLanguage":"es-AR","@id":"https:\/\/tresmaresproductora.com\/#\/schema\/logo\/image\/","url":"https:\/\/tresmaresdiseno.net\/wp-content\/uploads\/2024\/01\/logo-01.png","contentUrl":"https:\/\/tresmaresdiseno.net\/wp-content\/uploads\/2024\/01\/logo-01.png","width":750,"height":104,"caption":"Productora Tres Mares"},"image":{"@id":"https:\/\/tresmaresproductora.com\/#\/schema\/logo\/image\/"}}]}},"_links":{"self":[{"href":"https:\/\/tresmaresdiseno.net\/index.php\/wp-json\/wp\/v2\/pages\/325"}],"collection":[{"href":"https:\/\/tresmaresdiseno.net\/index.php\/wp-json\/wp\/v2\/pages"}],"about":[{"href":"https:\/\/tresmaresdiseno.net\/index.php\/wp-json\/wp\/v2\/types\/page"}],"author":[{"embeddable":true,"href":"https:\/\/tresmaresdiseno.net\/index.php\/wp-json\/wp\/v2\/users\/1"}],"replies":[{"embeddable":true,"href":"https:\/\/tresmaresdiseno.net\/index.php\/wp-json\/wp\/v2\/comments?post=325"}],"version-history":[{"count":13,"href":"https:\/\/tresmaresdiseno.net\/index.php\/wp-json\/wp\/v2\/pages\/325\/revisions"}],"predecessor-version":[{"id":543,"href":"https:\/\/tresmaresdiseno.net\/index.php\/wp-json\/wp\/v2\/pages\/325\/revisions\/543"}],"wp:attachment":[{"href":"https:\/\/tresmaresdiseno.net\/index.php\/wp-json\/wp\/v2\/media?parent=325"}],"curies":[{"name":"wp","href":"https:\/\/api.w.org\/{rel}","templated":true}]}}