{"id":424,"date":"2024-04-24T13:04:45","date_gmt":"2024-04-24T16:04:45","guid":{"rendered":"https:\/\/tresmaresdiseno.net\/?page_id=424"},"modified":"2024-05-15T12:11:05","modified_gmt":"2024-05-15T15:11:05","slug":"pulpera","status":"publish","type":"page","link":"https:\/\/tresmaresdiseno.net\/index.php\/pulpera\/","title":{"rendered":""},"content":{"rendered":"\n<div class=\"wp-block-cover is-light\"><span aria-hidden=\"true\" class=\"wp-block-cover__background has-background-dim\"><\/span><img loading=\"lazy\" decoding=\"async\" width=\"2560\" height=\"1707\" class=\"wp-block-cover__image-background wp-image-427\" alt=\"\" src=\"https:\/\/tresmaresdiseno.net\/wp-content\/uploads\/2024\/04\/Copia-de-Pulpera-Back-D03-NAK-35-1-scaled.jpg\" data-object-fit=\"cover\" srcset=\"https:\/\/tresmaresdiseno.net\/wp-content\/uploads\/2024\/04\/Copia-de-Pulpera-Back-D03-NAK-35-1-scaled.jpg 2560w, https:\/\/tresmaresdiseno.net\/wp-content\/uploads\/2024\/04\/Copia-de-Pulpera-Back-D03-NAK-35-1-300x200.jpg 300w, https:\/\/tresmaresdiseno.net\/wp-content\/uploads\/2024\/04\/Copia-de-Pulpera-Back-D03-NAK-35-1-1024x683.jpg 1024w, https:\/\/tresmaresdiseno.net\/wp-content\/uploads\/2024\/04\/Copia-de-Pulpera-Back-D03-NAK-35-1-768x512.jpg 768w, https:\/\/tresmaresdiseno.net\/wp-content\/uploads\/2024\/04\/Copia-de-Pulpera-Back-D03-NAK-35-1-1536x1024.jpg 1536w, https:\/\/tresmaresdiseno.net\/wp-content\/uploads\/2024\/04\/Copia-de-Pulpera-Back-D03-NAK-35-1-2048x1365.jpg 2048w\" sizes=\"(max-width: 2560px) 100vw, 2560px\" \/><div class=\"wp-block-cover__inner-container is-layout-constrained wp-container-core-cover-is-layout-1 wp-block-cover-is-layout-constrained\">\n<h1 class=\"wp-block-heading has-text-align-left has-heading-color-color has-text-color has-link-color has-xxx-large-font-size wp-elements-6b432292adb9209f852c3ed5ccd559f9\">La Pulpera<\/h1>\n\n\n\n<p class=\"has-heading-color-color has-text-color has-link-color has-small-font-size wp-elements-5ee6abda58e512f693e9c16f5c16105a\">Formato: Serie | Ficci\u00f3n Hist\u00f3rica<\/p>\n\n\n\n<p class=\"has-heading-color-color has-text-color has-link-color has-small-font-size wp-elements-7828a1182a3f0b1d46f5499924ce644d\">A\u00f1o: 2023<\/p>\n\n\n\n<p class=\"has-heading-color-color has-text-color has-link-color has-small-font-size wp-elements-d35d159a812dfd7136047016ab143883\">Pa\u00eds: Argentina<\/p>\n\n\n\n<p class=\"has-heading-color-color has-text-color has-link-color has-small-font-size wp-elements-d7e7896f0fd6e7f86300dd1499bb297d\">G\u00e9nero: Aventura | Melodrama | \u00c9pica | De \u00e9poca<\/p>\n\n\n\n<p class=\"has-heading-color-color has-text-color has-link-color has-small-font-size wp-elements-816f6a6d9592065648d9670ea3f41c37\">Idioma: Espa\u00f1ol&nbsp;<\/p>\n\n\n\n<p class=\"has-heading-color-color has-text-color has-link-color has-small-font-size wp-elements-5af635ce9c01e37743405c3415c07c70\">Subtitulado: Ingl\u00e9s<\/p>\n\n\n\n<p class=\"has-heading-color-color has-text-color has-link-color has-small-font-size wp-elements-62d00fb1962f9534531b07317d73db28\" style=\"margin-top:0;margin-bottom:var(--wp--preset--spacing--40)\">Episodios: 8 x 26\u00b4<\/p>\n\n\n\n<div class=\"wp-block-buttons is-layout-flex wp-block-buttons-is-layout-flex\">\n<div class=\"wp-block-button is-style-outline is-style-outline--27fde6c33546fc50ca3dd817571659fa\"><a class=\"wp-block-button__link has-primary-color has-text-color has-link-color has-border-color wp-element-button\" href=\"https:\/\/youtu.be\/EVoI9fmcmuc\" style=\"border-color:#a4d3dd;border-radius:0px;padding-top:var(--wp--preset--spacing--20);padding-bottom:var(--wp--preset--spacing--20)\" target=\"_blank\" rel=\"noreferrer noopener\"><strong>Trailer<\/strong><\/a><\/div>\n<\/div>\n<\/div><\/div>\n\n\n\n<div class=\"wp-block-cover is-light\" style=\"min-height:651px;aspect-ratio:unset;\"><span aria-hidden=\"true\" class=\"wp-block-cover__background has-transparent-background-color has-background-dim-100 has-background-dim\"><\/span><div class=\"wp-block-cover__inner-container is-layout-constrained wp-container-core-cover-is-layout-2 wp-block-cover-is-layout-constrained\">\n<div style=\"height:24px\" aria-hidden=\"true\" class=\"wp-block-spacer\"><\/div>\n\n\n\n<h2 class=\"wp-block-heading has-text-align-left has-heading-color-color has-text-color has-link-color has-large-font-size wp-elements-4fe7660b3187d2acd7b975ed8097f6df\">Sinopsis<\/h2>\n\n\n\n<p class=\"has-heading-color-color has-text-color has-link-color has-small-font-size wp-elements-d2a33a60bf75440fb88791ecbac6b9a6\">LA PULPERA es una historia de amor, espionaje y venganza durante la guerra civil argentina entre unitarios y federales. Esta serie ambientada en 1830 narra la historia de F\u00e1tima, la valiente due\u00f1a de una pulper\u00eda en las afueras de C\u00f3rdoba que luego de la muerte de su padrastro a manos del ej\u00e9rcito invasor se une a la resistencia junto a un grupo de mujeres. Su plan ser\u00e1 buscar la amistad y la protecci\u00f3n del general invasor, el famoso Manco Paz, para robarle armas y obtener informaci\u00f3n.&nbsp; Una misi\u00f3n arriesgada. Un amor peligroso en \u00e9pocas turbulentas.<\/p>\n\n\n\n<div style=\"height:24px\" aria-hidden=\"true\" class=\"wp-block-spacer\"><\/div>\n\n\n\n<div class=\"wp-block-columns is-layout-flex wp-container-core-columns-is-layout-1 wp-block-columns-is-layout-flex\">\n<div class=\"wp-block-column is-layout-flow wp-block-column-is-layout-flow\">\n<figure class=\"wp-block-image aligncenter size-full is-resized\"><img loading=\"lazy\" decoding=\"async\" width=\"500\" height=\"500\" src=\"https:\/\/tresmaresdiseno.net\/wp-content\/uploads\/2024\/03\/1.png\" alt=\"\" class=\"wp-image-332\" style=\"width:150px\" srcset=\"https:\/\/tresmaresdiseno.net\/wp-content\/uploads\/2024\/03\/1.png 500w, https:\/\/tresmaresdiseno.net\/wp-content\/uploads\/2024\/03\/1-300x300.png 300w, https:\/\/tresmaresdiseno.net\/wp-content\/uploads\/2024\/03\/1-150x150.png 150w\" sizes=\"(max-width: 500px) 100vw, 500px\" \/><\/figure>\n\n\n\n<h5 class=\"wp-block-heading has-text-align-center has-heading-color-color has-text-color has-link-color wp-elements-a3089960b2d9af0a7c58e1d8a0588b03\">Direcci\u00f3n<\/h5>\n\n\n\n<p class=\"has-text-align-center has-heading-color-color has-text-color has-link-color wp-elements-583b28c8c575c4e01fedd83e6dfe6fe3\">Mauricio Minotti<\/p>\n<\/div>\n\n\n\n<div class=\"wp-block-column is-layout-flow wp-block-column-is-layout-flow\">\n<figure class=\"wp-block-image aligncenter size-full is-resized\"><img loading=\"lazy\" decoding=\"async\" width=\"500\" height=\"500\" src=\"https:\/\/tresmaresdiseno.net\/wp-content\/uploads\/2024\/03\/3.png\" alt=\"\" class=\"wp-image-333\" style=\"width:150px\" srcset=\"https:\/\/tresmaresdiseno.net\/wp-content\/uploads\/2024\/03\/3.png 500w, https:\/\/tresmaresdiseno.net\/wp-content\/uploads\/2024\/03\/3-300x300.png 300w, https:\/\/tresmaresdiseno.net\/wp-content\/uploads\/2024\/03\/3-150x150.png 150w\" sizes=\"(max-width: 500px) 100vw, 500px\" \/><\/figure>\n\n\n\n<h5 class=\"wp-block-heading has-text-align-center has-heading-color-color has-text-color has-link-color wp-elements-7f4eab24067e0cf29fcf9bbe8f88ec3d\">Gui\u00f3n<\/h5>\n\n\n\n<p class=\"has-text-align-center has-heading-color-color has-text-color has-link-color wp-elements-6bca831d8d1639e8c8d96057b7f7a5e3\">Gast\u00f3n Tremsal &#8211; Mauricio Minotti<\/p>\n<\/div>\n\n\n\n<div class=\"wp-block-column is-layout-flow wp-block-column-is-layout-flow\">\n<figure class=\"wp-block-image aligncenter size-full is-resized\"><img loading=\"lazy\" decoding=\"async\" width=\"500\" height=\"500\" src=\"https:\/\/tresmaresdiseno.net\/wp-content\/uploads\/2024\/03\/2.png\" alt=\"\" class=\"wp-image-334\" style=\"width:150px\" srcset=\"https:\/\/tresmaresdiseno.net\/wp-content\/uploads\/2024\/03\/2.png 500w, https:\/\/tresmaresdiseno.net\/wp-content\/uploads\/2024\/03\/2-300x300.png 300w, https:\/\/tresmaresdiseno.net\/wp-content\/uploads\/2024\/03\/2-150x150.png 150w\" sizes=\"(max-width: 500px) 100vw, 500px\" \/><\/figure>\n\n\n\n<h5 class=\"wp-block-heading has-text-align-center has-heading-color-color has-text-color has-link-color wp-elements-0dd733b13470319ddbcfb8151b2ce1d7\">Producci\u00f3n<\/h5>\n\n\n\n<p class=\"has-text-align-center has-heading-color-color has-text-color has-link-color wp-elements-fa887117e89987c7bd3e89d5396a608b\">Mar\u00eda Eugenia Ferrer<\/p>\n<\/div>\n<\/div>\n\n\n\n<div style=\"height:24px\" aria-hidden=\"true\" class=\"wp-block-spacer\"><\/div>\n\n\n\n<h2 class=\"wp-block-heading has-heading-color-color has-text-color has-link-color has-large-font-size wp-elements-864c90bf6ff77b9dcfc99d5aff0bb63f\">REPARTO<\/h2>\n\n\n\n<p class=\"has-heading-color-color has-text-color has-link-color has-small-font-size wp-elements-9c1e81b56f8965c664d02b583a218494\">Jazm\u00edn Falak, Manuel Mart\u00ednes Sobrado, Vittorio Cucinelli, Pablo Tolosa, Mar\u00eda Luz Tremsal, Patricia Camargo, Gera Maleh.<\/p>\n\n\n\n<h2 class=\"wp-block-heading has-heading-color-color has-text-color has-link-color has-large-font-size wp-elements-f44525968c0945be571999b3fc8fb512\">PREMIOS<\/h2>\n\n\n\n<p class=\"has-heading-color-color has-text-color has-link-color has-small-font-size wp-elements-5ea24be13e89663459791b3368249aa1\">Ganadora concurso \u201cRENACER AUDIOVISUAL\u201d \u2013 En co producci\u00f3n con CANAL ENCUENTRO y TV P\u00daBLICA.<\/p>\n\n\n\n<blockquote class=\"wp-block-quote has-text-align-center is-layout-flow wp-block-quote-is-layout-flow\">\n<p><\/p>\n<\/blockquote>\n<\/div><\/div>\n","protected":false},"excerpt":{"rendered":"","protected":false},"author":1,"featured_media":0,"parent":0,"menu_order":0,"comment_status":"closed","ping_status":"closed","template":"","meta":{"footnotes":""},"class_list":["post-424","page","type-page","status-publish","hentry"],"yoast_head":"<!-- This site is optimized with the Yoast SEO plugin v23.0 - https:\/\/yoast.com\/wordpress\/plugins\/seo\/ -->\n<title>- Productora Tres Mares<\/title>\n<meta name=\"robots\" content=\"noindex, follow, max-snippet:-1, max-image-preview:large, max-video-preview:-1\" \/>\n<meta property=\"og:locale\" content=\"es_ES\" \/>\n<meta property=\"og:type\" content=\"article\" \/>\n<meta property=\"og:title\" content=\"- Productora Tres Mares\" \/>\n<meta property=\"og:url\" content=\"https:\/\/tresmaresdiseno.net\/index.php\/pulpera\/\" \/>\n<meta property=\"og:site_name\" content=\"Productora Tres Mares\" \/>\n<meta property=\"article:modified_time\" content=\"2024-05-15T15:11:05+00:00\" \/>\n<meta property=\"og:image\" content=\"https:\/\/tresmaresdiseno.net\/wp-content\/uploads\/2024\/04\/Copia-de-Pulpera-Back-D03-NAK-35-1-scaled.jpg\" \/>\n<meta name=\"twitter:card\" content=\"summary_large_image\" \/>\n<meta name=\"twitter:label1\" content=\"Tiempo de lectura\" \/>\n\t<meta name=\"twitter:data1\" content=\"2 minutos\" \/>\n<script type=\"application\/ld+json\" class=\"yoast-schema-graph\">{\"@context\":\"https:\/\/schema.org\",\"@graph\":[{\"@type\":\"WebPage\",\"@id\":\"https:\/\/tresmaresdiseno.net\/index.php\/pulpera\/\",\"url\":\"https:\/\/tresmaresdiseno.net\/index.php\/pulpera\/\",\"name\":\"- Productora Tres Mares\",\"isPartOf\":{\"@id\":\"https:\/\/tresmaresproductora.com\/#website\"},\"primaryImageOfPage\":{\"@id\":\"https:\/\/tresmaresdiseno.net\/index.php\/pulpera\/#primaryimage\"},\"image\":{\"@id\":\"https:\/\/tresmaresdiseno.net\/index.php\/pulpera\/#primaryimage\"},\"thumbnailUrl\":\"https:\/\/tresmaresdiseno.net\/wp-content\/uploads\/2024\/04\/Copia-de-Pulpera-Back-D03-NAK-35-1-scaled.jpg\",\"datePublished\":\"2024-04-24T16:04:45+00:00\",\"dateModified\":\"2024-05-15T15:11:05+00:00\",\"inLanguage\":\"es-AR\",\"potentialAction\":[{\"@type\":\"ReadAction\",\"target\":[\"https:\/\/tresmaresdiseno.net\/index.php\/pulpera\/\"]}]},{\"@type\":\"ImageObject\",\"inLanguage\":\"es-AR\",\"@id\":\"https:\/\/tresmaresdiseno.net\/index.php\/pulpera\/#primaryimage\",\"url\":\"https:\/\/tresmaresdiseno.net\/wp-content\/uploads\/2024\/04\/Copia-de-Pulpera-Back-D03-NAK-35-1-scaled.jpg\",\"contentUrl\":\"https:\/\/tresmaresdiseno.net\/wp-content\/uploads\/2024\/04\/Copia-de-Pulpera-Back-D03-NAK-35-1-scaled.jpg\",\"width\":2560,\"height\":1707},{\"@type\":\"WebSite\",\"@id\":\"https:\/\/tresmaresproductora.com\/#website\",\"url\":\"https:\/\/tresmaresproductora.com\/\",\"name\":\"Productora Tres Mares\",\"description\":\"\",\"publisher\":{\"@id\":\"https:\/\/tresmaresproductora.com\/#organization\"},\"potentialAction\":[{\"@type\":\"SearchAction\",\"target\":{\"@type\":\"EntryPoint\",\"urlTemplate\":\"https:\/\/tresmaresproductora.com\/?s={search_term_string}\"},\"query-input\":\"required name=search_term_string\"}],\"inLanguage\":\"es-AR\"},{\"@type\":\"Organization\",\"@id\":\"https:\/\/tresmaresproductora.com\/#organization\",\"name\":\"Productora Tres Mares\",\"url\":\"https:\/\/tresmaresproductora.com\/\",\"logo\":{\"@type\":\"ImageObject\",\"inLanguage\":\"es-AR\",\"@id\":\"https:\/\/tresmaresproductora.com\/#\/schema\/logo\/image\/\",\"url\":\"https:\/\/tresmaresdiseno.net\/wp-content\/uploads\/2024\/01\/logo-01.png\",\"contentUrl\":\"https:\/\/tresmaresdiseno.net\/wp-content\/uploads\/2024\/01\/logo-01.png\",\"width\":750,\"height\":104,\"caption\":\"Productora Tres Mares\"},\"image\":{\"@id\":\"https:\/\/tresmaresproductora.com\/#\/schema\/logo\/image\/\"}}]}<\/script>\n<!-- \/ Yoast SEO plugin. -->","yoast_head_json":{"title":"- Productora Tres Mares","robots":{"index":"noindex","follow":"follow","max-snippet":"max-snippet:-1","max-image-preview":"max-image-preview:large","max-video-preview":"max-video-preview:-1"},"og_locale":"es_ES","og_type":"article","og_title":"- Productora Tres Mares","og_url":"https:\/\/tresmaresdiseno.net\/index.php\/pulpera\/","og_site_name":"Productora Tres Mares","article_modified_time":"2024-05-15T15:11:05+00:00","og_image":[{"url":"https:\/\/tresmaresdiseno.net\/wp-content\/uploads\/2024\/04\/Copia-de-Pulpera-Back-D03-NAK-35-1-scaled.jpg"}],"twitter_card":"summary_large_image","twitter_misc":{"Tiempo de lectura":"2 minutos"},"schema":{"@context":"https:\/\/schema.org","@graph":[{"@type":"WebPage","@id":"https:\/\/tresmaresdiseno.net\/index.php\/pulpera\/","url":"https:\/\/tresmaresdiseno.net\/index.php\/pulpera\/","name":"- Productora Tres Mares","isPartOf":{"@id":"https:\/\/tresmaresproductora.com\/#website"},"primaryImageOfPage":{"@id":"https:\/\/tresmaresdiseno.net\/index.php\/pulpera\/#primaryimage"},"image":{"@id":"https:\/\/tresmaresdiseno.net\/index.php\/pulpera\/#primaryimage"},"thumbnailUrl":"https:\/\/tresmaresdiseno.net\/wp-content\/uploads\/2024\/04\/Copia-de-Pulpera-Back-D03-NAK-35-1-scaled.jpg","datePublished":"2024-04-24T16:04:45+00:00","dateModified":"2024-05-15T15:11:05+00:00","inLanguage":"es-AR","potentialAction":[{"@type":"ReadAction","target":["https:\/\/tresmaresdiseno.net\/index.php\/pulpera\/"]}]},{"@type":"ImageObject","inLanguage":"es-AR","@id":"https:\/\/tresmaresdiseno.net\/index.php\/pulpera\/#primaryimage","url":"https:\/\/tresmaresdiseno.net\/wp-content\/uploads\/2024\/04\/Copia-de-Pulpera-Back-D03-NAK-35-1-scaled.jpg","contentUrl":"https:\/\/tresmaresdiseno.net\/wp-content\/uploads\/2024\/04\/Copia-de-Pulpera-Back-D03-NAK-35-1-scaled.jpg","width":2560,"height":1707},{"@type":"WebSite","@id":"https:\/\/tresmaresproductora.com\/#website","url":"https:\/\/tresmaresproductora.com\/","name":"Productora Tres Mares","description":"","publisher":{"@id":"https:\/\/tresmaresproductora.com\/#organization"},"potentialAction":[{"@type":"SearchAction","target":{"@type":"EntryPoint","urlTemplate":"https:\/\/tresmaresproductora.com\/?s={search_term_string}"},"query-input":"required name=search_term_string"}],"inLanguage":"es-AR"},{"@type":"Organization","@id":"https:\/\/tresmaresproductora.com\/#organization","name":"Productora Tres Mares","url":"https:\/\/tresmaresproductora.com\/","logo":{"@type":"ImageObject","inLanguage":"es-AR","@id":"https:\/\/tresmaresproductora.com\/#\/schema\/logo\/image\/","url":"https:\/\/tresmaresdiseno.net\/wp-content\/uploads\/2024\/01\/logo-01.png","contentUrl":"https:\/\/tresmaresdiseno.net\/wp-content\/uploads\/2024\/01\/logo-01.png","width":750,"height":104,"caption":"Productora Tres Mares"},"image":{"@id":"https:\/\/tresmaresproductora.com\/#\/schema\/logo\/image\/"}}]}},"_links":{"self":[{"href":"https:\/\/tresmaresdiseno.net\/index.php\/wp-json\/wp\/v2\/pages\/424"}],"collection":[{"href":"https:\/\/tresmaresdiseno.net\/index.php\/wp-json\/wp\/v2\/pages"}],"about":[{"href":"https:\/\/tresmaresdiseno.net\/index.php\/wp-json\/wp\/v2\/types\/page"}],"author":[{"embeddable":true,"href":"https:\/\/tresmaresdiseno.net\/index.php\/wp-json\/wp\/v2\/users\/1"}],"replies":[{"embeddable":true,"href":"https:\/\/tresmaresdiseno.net\/index.php\/wp-json\/wp\/v2\/comments?post=424"}],"version-history":[{"count":6,"href":"https:\/\/tresmaresdiseno.net\/index.php\/wp-json\/wp\/v2\/pages\/424\/revisions"}],"predecessor-version":[{"id":544,"href":"https:\/\/tresmaresdiseno.net\/index.php\/wp-json\/wp\/v2\/pages\/424\/revisions\/544"}],"wp:attachment":[{"href":"https:\/\/tresmaresdiseno.net\/index.php\/wp-json\/wp\/v2\/media?parent=424"}],"curies":[{"name":"wp","href":"https:\/\/api.w.org\/{rel}","templated":true}]}}