{"id":433,"date":"2024-04-24T13:21:55","date_gmt":"2024-04-24T16:21:55","guid":{"rendered":"https:\/\/tresmaresdiseno.net\/?page_id=433"},"modified":"2024-04-24T15:08:24","modified_gmt":"2024-04-24T18:08:24","slug":"el-insomne","status":"publish","type":"page","link":"https:\/\/tresmaresdiseno.net\/index.php\/el-insomne\/","title":{"rendered":""},"content":{"rendered":"\n<div class=\"wp-block-cover is-light\"><span aria-hidden=\"true\" class=\"wp-block-cover__background has-background-dim\"><\/span><img loading=\"lazy\" decoding=\"async\" width=\"1920\" height=\"1080\" class=\"wp-block-cover__image-background wp-image-437\" alt=\"\" src=\"https:\/\/tresmaresdiseno.net\/wp-content\/uploads\/2024\/04\/Laport-10.jpg\" data-object-fit=\"cover\" srcset=\"https:\/\/tresmaresdiseno.net\/wp-content\/uploads\/2024\/04\/Laport-10.jpg 1920w, https:\/\/tresmaresdiseno.net\/wp-content\/uploads\/2024\/04\/Laport-10-300x169.jpg 300w, https:\/\/tresmaresdiseno.net\/wp-content\/uploads\/2024\/04\/Laport-10-1024x576.jpg 1024w, https:\/\/tresmaresdiseno.net\/wp-content\/uploads\/2024\/04\/Laport-10-768x432.jpg 768w, https:\/\/tresmaresdiseno.net\/wp-content\/uploads\/2024\/04\/Laport-10-1536x864.jpg 1536w\" sizes=\"(max-width: 1920px) 100vw, 1920px\" \/><div class=\"wp-block-cover__inner-container is-layout-constrained wp-container-core-cover-is-layout-1 wp-block-cover-is-layout-constrained\">\n<h1 class=\"wp-block-heading has-text-align-left has-heading-color-color has-text-color has-link-color has-xxx-large-font-size wp-elements-e2d907cab72adb2e3af8746ed85cab88\">El Insomne<\/h1>\n\n\n\n<p class=\"has-heading-color-color has-text-color has-link-color has-small-font-size wp-elements-291d703e1e1695ab5979d039dbc0e182\">Formato: Docu Serie<\/p>\n\n\n\n<p class=\"has-heading-color-color has-text-color has-link-color has-small-font-size wp-elements-7828a1182a3f0b1d46f5499924ce644d\">A\u00f1o: 2023<\/p>\n\n\n\n<p class=\"has-heading-color-color has-text-color has-link-color has-small-font-size wp-elements-d35d159a812dfd7136047016ab143883\">Pa\u00eds: Argentina<\/p>\n\n\n\n<p class=\"has-heading-color-color has-text-color has-link-color has-small-font-size wp-elements-67a4bd66cbf17ef6cfc1547d4541c8f5\">G\u00e9nero: Aventura | Comedia | Turismo | Historia | Cultural | Esoterismo<\/p>\n\n\n\n<p class=\"has-heading-color-color has-text-color has-link-color has-small-font-size wp-elements-816f6a6d9592065648d9670ea3f41c37\">Idioma: Espa\u00f1ol&nbsp;<\/p>\n\n\n\n<p class=\"has-heading-color-color has-text-color has-link-color has-small-font-size wp-elements-5af635ce9c01e37743405c3415c07c70\">Subtitulado: Ingl\u00e9s<\/p>\n\n\n\n<p class=\"has-heading-color-color has-text-color has-link-color has-small-font-size wp-elements-bd0c01ce95397a2669881f5472be748e\" style=\"margin-top:0;margin-bottom:var(--wp--preset--spacing--40)\">Episodios: 4 x 48\u00b4<\/p>\n\n\n\n<div class=\"wp-block-buttons is-layout-flex wp-block-buttons-is-layout-flex\">\n<div class=\"wp-block-button is-style-outline is-style-outline--13a82a44fb8aac8663eb3efcec3773c2\"><a class=\"wp-block-button__link has-primary-color has-text-color has-link-color has-border-color wp-element-button\" href=\"https:\/\/youtu.be\/MctmPevul_A\" style=\"border-color:#a4d3dd;border-radius:0px;padding-top:var(--wp--preset--spacing--20);padding-bottom:var(--wp--preset--spacing--20)\" target=\"_blank\" rel=\"noreferrer noopener\"><strong>Trailer<\/strong><\/a><\/div>\n<\/div>\n<\/div><\/div>\n\n\n\n<div class=\"wp-block-cover is-light\" style=\"min-height:651px;aspect-ratio:unset;\"><span aria-hidden=\"true\" class=\"wp-block-cover__background has-transparent-background-color has-background-dim-100 has-background-dim\"><\/span><div class=\"wp-block-cover__inner-container is-layout-constrained wp-container-core-cover-is-layout-2 wp-block-cover-is-layout-constrained\">\n<div style=\"height:24px\" aria-hidden=\"true\" class=\"wp-block-spacer\"><\/div>\n\n\n\n<h2 class=\"wp-block-heading has-text-align-left has-heading-color-color has-text-color has-link-color has-large-font-size wp-elements-4fe7660b3187d2acd7b975ed8097f6df\">Sinopsis<\/h2>\n\n\n\n<p class=\"has-heading-color-color has-text-color has-link-color has-small-font-size wp-elements-d2cbe15172341a82ff549bce0ea208a2\">EL INSOMNE es una docu serie que narra las aventuras de Laport, un popular actor que sufre de insomnio. Charly, un simp\u00e1tico psic\u00f3logo un tanto vividor, le ofrece un extra\u00f1o tratamiento que consiste en salir de entorno habitual, viajar e intentar lograr el sue\u00f1o en los lugares m\u00e1s ins\u00f3litos. Desconfiado, pero sin otra alternativa, Laport emprende un viaje reparador y de autoconocimiento por algunos de los lugares m\u00e1s bellos de la Argentina para empaparse del pasado, sus habitantes y los imaginarios urbanos que en ellos habitan.<\/p>\n\n\n\n<p class=\"has-heading-color-color has-text-color has-link-color has-small-font-size wp-elements-bb27bcc89aa61e99cea2b23da6fc7cdc\">Lo curioso es que mientras su paciente avanza en su aventura Charly se hace cargo del cuidado de la casa de Laport, incluida las plantas y Morgan, un peque\u00f1o cerdito mascota.<\/p>\n\n\n\n<p class=\"has-heading-color-color has-text-color has-link-color has-small-font-size wp-elements-900b195f3920d61384e07ce186b608c8\">A trav\u00e9s de diversos viajes, recorridos y encuentros Laport lograr\u00e1 dormir de a ratos, mientras la pasi\u00f3n por el conocimiento y descubrimiento le ir\u00e1 ganando e incentivando a generar su propia road movie.<\/p>\n\n\n\n<p class=\"has-heading-color-color has-text-color has-link-color has-small-font-size wp-elements-ca0321056fff8fc4926126c12fdc0c0d\">\u00bfEs acaso conocer parte de nuestra historia, paisajes y sociedades que lo ayudar\u00e1n a superarlo? \u00bfSer\u00e1 su particular y pintoresco psic\u00f3logo quien le cambiar\u00e1 su presente?<\/p>\n\n\n\n<div style=\"height:24px\" aria-hidden=\"true\" class=\"wp-block-spacer\"><\/div>\n\n\n\n<div class=\"wp-block-columns is-layout-flex wp-container-core-columns-is-layout-1 wp-block-columns-is-layout-flex\">\n<div class=\"wp-block-column is-layout-flow wp-block-column-is-layout-flow\">\n<figure class=\"wp-block-image aligncenter size-full is-resized\"><img loading=\"lazy\" decoding=\"async\" width=\"500\" height=\"500\" src=\"https:\/\/tresmaresdiseno.net\/wp-content\/uploads\/2024\/03\/1.png\" alt=\"\" class=\"wp-image-332\" style=\"width:150px\" srcset=\"https:\/\/tresmaresdiseno.net\/wp-content\/uploads\/2024\/03\/1.png 500w, https:\/\/tresmaresdiseno.net\/wp-content\/uploads\/2024\/03\/1-300x300.png 300w, https:\/\/tresmaresdiseno.net\/wp-content\/uploads\/2024\/03\/1-150x150.png 150w\" sizes=\"(max-width: 500px) 100vw, 500px\" \/><\/figure>\n\n\n\n<h5 class=\"wp-block-heading has-text-align-center has-heading-color-color has-text-color has-link-color wp-elements-a3089960b2d9af0a7c58e1d8a0588b03\">Direcci\u00f3n<\/h5>\n\n\n\n<p class=\"has-text-align-center has-heading-color-color has-text-color has-link-color wp-elements-583b28c8c575c4e01fedd83e6dfe6fe3\">Mauricio Minotti<\/p>\n<\/div>\n\n\n\n<div class=\"wp-block-column is-layout-flow wp-block-column-is-layout-flow\">\n<figure class=\"wp-block-image aligncenter size-full is-resized\"><img loading=\"lazy\" decoding=\"async\" width=\"500\" height=\"500\" src=\"https:\/\/tresmaresdiseno.net\/wp-content\/uploads\/2024\/03\/3.png\" alt=\"\" class=\"wp-image-333\" style=\"width:150px\" srcset=\"https:\/\/tresmaresdiseno.net\/wp-content\/uploads\/2024\/03\/3.png 500w, https:\/\/tresmaresdiseno.net\/wp-content\/uploads\/2024\/03\/3-300x300.png 300w, https:\/\/tresmaresdiseno.net\/wp-content\/uploads\/2024\/03\/3-150x150.png 150w\" sizes=\"(max-width: 500px) 100vw, 500px\" \/><\/figure>\n\n\n\n<h5 class=\"wp-block-heading has-text-align-center has-heading-color-color has-text-color has-link-color wp-elements-7f4eab24067e0cf29fcf9bbe8f88ec3d\">Gui\u00f3n<\/h5>\n\n\n\n<p class=\"has-text-align-center has-heading-color-color has-text-color has-link-color wp-elements-968c77ff3f4c39ef6f7aeb703ccde723\">Mat\u00edas Herrera C\u00f3rdoba &#8211; Andrea Ronco\u2013 Showrunner<\/p>\n<\/div>\n\n\n\n<div class=\"wp-block-column is-layout-flow wp-block-column-is-layout-flow\">\n<figure class=\"wp-block-image aligncenter size-full is-resized\"><img loading=\"lazy\" decoding=\"async\" width=\"500\" height=\"500\" src=\"https:\/\/tresmaresdiseno.net\/wp-content\/uploads\/2024\/03\/2.png\" alt=\"\" class=\"wp-image-334\" style=\"width:150px\" srcset=\"https:\/\/tresmaresdiseno.net\/wp-content\/uploads\/2024\/03\/2.png 500w, https:\/\/tresmaresdiseno.net\/wp-content\/uploads\/2024\/03\/2-300x300.png 300w, https:\/\/tresmaresdiseno.net\/wp-content\/uploads\/2024\/03\/2-150x150.png 150w\" sizes=\"(max-width: 500px) 100vw, 500px\" \/><\/figure>\n\n\n\n<h5 class=\"wp-block-heading has-text-align-center has-heading-color-color has-text-color has-link-color wp-elements-0dd733b13470319ddbcfb8151b2ce1d7\">Producci\u00f3n<\/h5>\n\n\n\n<p class=\"has-text-align-center has-heading-color-color has-text-color has-link-color wp-elements-fa887117e89987c7bd3e89d5396a608b\">Mar\u00eda Eugenia Ferrer<\/p>\n<\/div>\n<\/div>\n\n\n\n<div style=\"height:24px\" aria-hidden=\"true\" class=\"wp-block-spacer\"><\/div>\n\n\n\n<h2 class=\"wp-block-heading has-heading-color-color has-text-color has-link-color has-large-font-size wp-elements-864c90bf6ff77b9dcfc99d5aff0bb63f\">REPARTO<\/h2>\n\n\n\n<p class=\"has-heading-color-color has-text-color has-link-color has-small-font-size wp-elements-6d5fce29be4a6a9e58d6a8b2bfd04711\">Osvaldo Laport, Carlos Issa, Morgan.<\/p>\n\n\n\n<h2 class=\"wp-block-heading has-heading-color-color has-text-color has-link-color has-large-font-size wp-elements-f44525968c0945be571999b3fc8fb512\">PREMIOS<\/h2>\n\n\n\n<p class=\"has-heading-color-color has-text-color has-link-color has-small-font-size wp-elements-6743cc6495936c043043238d6e08bce6\">Ganadora concurso \u201cRENACER AUDIOVISUAL\u201d \u2013 Ministerio de Cultura de la Naci\u00f3n\u00a0<\/p>\n\n\n\n<blockquote class=\"wp-block-quote has-text-align-center is-layout-flow wp-block-quote-is-layout-flow\">\n<p><\/p>\n<\/blockquote>\n<\/div><\/div>\n","protected":false},"excerpt":{"rendered":"","protected":false},"author":1,"featured_media":0,"parent":0,"menu_order":0,"comment_status":"closed","ping_status":"closed","template":"","meta":{"footnotes":""},"class_list":["post-433","page","type-page","status-publish","hentry"],"yoast_head":"<!-- This site is optimized with the Yoast SEO plugin v23.0 - https:\/\/yoast.com\/wordpress\/plugins\/seo\/ -->\n<title>- Productora Tres Mares<\/title>\n<meta name=\"robots\" content=\"noindex, follow, max-snippet:-1, max-image-preview:large, max-video-preview:-1\" \/>\n<meta property=\"og:locale\" content=\"es_ES\" \/>\n<meta property=\"og:type\" content=\"article\" \/>\n<meta property=\"og:title\" content=\"- Productora Tres Mares\" \/>\n<meta property=\"og:url\" content=\"https:\/\/tresmaresdiseno.net\/index.php\/el-insomne\/\" \/>\n<meta property=\"og:site_name\" content=\"Productora Tres Mares\" \/>\n<meta property=\"article:modified_time\" content=\"2024-04-24T18:08:24+00:00\" \/>\n<meta property=\"og:image\" content=\"https:\/\/tresmaresdiseno.net\/wp-content\/uploads\/2024\/04\/Laport-10.jpg\" \/>\n<meta name=\"twitter:card\" content=\"summary_large_image\" \/>\n<meta name=\"twitter:label1\" content=\"Tiempo de lectura\" \/>\n\t<meta name=\"twitter:data1\" content=\"2 minutos\" \/>\n<script type=\"application\/ld+json\" class=\"yoast-schema-graph\">{\"@context\":\"https:\/\/schema.org\",\"@graph\":[{\"@type\":\"WebPage\",\"@id\":\"https:\/\/tresmaresdiseno.net\/index.php\/el-insomne\/\",\"url\":\"https:\/\/tresmaresdiseno.net\/index.php\/el-insomne\/\",\"name\":\"- Productora Tres Mares\",\"isPartOf\":{\"@id\":\"https:\/\/tresmaresproductora.com\/#website\"},\"primaryImageOfPage\":{\"@id\":\"https:\/\/tresmaresdiseno.net\/index.php\/el-insomne\/#primaryimage\"},\"image\":{\"@id\":\"https:\/\/tresmaresdiseno.net\/index.php\/el-insomne\/#primaryimage\"},\"thumbnailUrl\":\"https:\/\/tresmaresdiseno.net\/wp-content\/uploads\/2024\/04\/Laport-10.jpg\",\"datePublished\":\"2024-04-24T16:21:55+00:00\",\"dateModified\":\"2024-04-24T18:08:24+00:00\",\"inLanguage\":\"es-AR\",\"potentialAction\":[{\"@type\":\"ReadAction\",\"target\":[\"https:\/\/tresmaresdiseno.net\/index.php\/el-insomne\/\"]}]},{\"@type\":\"ImageObject\",\"inLanguage\":\"es-AR\",\"@id\":\"https:\/\/tresmaresdiseno.net\/index.php\/el-insomne\/#primaryimage\",\"url\":\"https:\/\/tresmaresdiseno.net\/wp-content\/uploads\/2024\/04\/Laport-10.jpg\",\"contentUrl\":\"https:\/\/tresmaresdiseno.net\/wp-content\/uploads\/2024\/04\/Laport-10.jpg\",\"width\":1920,\"height\":1080},{\"@type\":\"WebSite\",\"@id\":\"https:\/\/tresmaresproductora.com\/#website\",\"url\":\"https:\/\/tresmaresproductora.com\/\",\"name\":\"Productora Tres Mares\",\"description\":\"\",\"publisher\":{\"@id\":\"https:\/\/tresmaresproductora.com\/#organization\"},\"potentialAction\":[{\"@type\":\"SearchAction\",\"target\":{\"@type\":\"EntryPoint\",\"urlTemplate\":\"https:\/\/tresmaresproductora.com\/?s={search_term_string}\"},\"query-input\":\"required name=search_term_string\"}],\"inLanguage\":\"es-AR\"},{\"@type\":\"Organization\",\"@id\":\"https:\/\/tresmaresproductora.com\/#organization\",\"name\":\"Productora Tres Mares\",\"url\":\"https:\/\/tresmaresproductora.com\/\",\"logo\":{\"@type\":\"ImageObject\",\"inLanguage\":\"es-AR\",\"@id\":\"https:\/\/tresmaresproductora.com\/#\/schema\/logo\/image\/\",\"url\":\"https:\/\/tresmaresdiseno.net\/wp-content\/uploads\/2024\/01\/logo-01.png\",\"contentUrl\":\"https:\/\/tresmaresdiseno.net\/wp-content\/uploads\/2024\/01\/logo-01.png\",\"width\":750,\"height\":104,\"caption\":\"Productora Tres Mares\"},\"image\":{\"@id\":\"https:\/\/tresmaresproductora.com\/#\/schema\/logo\/image\/\"}}]}<\/script>\n<!-- \/ Yoast SEO plugin. -->","yoast_head_json":{"title":"- Productora Tres Mares","robots":{"index":"noindex","follow":"follow","max-snippet":"max-snippet:-1","max-image-preview":"max-image-preview:large","max-video-preview":"max-video-preview:-1"},"og_locale":"es_ES","og_type":"article","og_title":"- Productora Tres Mares","og_url":"https:\/\/tresmaresdiseno.net\/index.php\/el-insomne\/","og_site_name":"Productora Tres Mares","article_modified_time":"2024-04-24T18:08:24+00:00","og_image":[{"url":"https:\/\/tresmaresdiseno.net\/wp-content\/uploads\/2024\/04\/Laport-10.jpg"}],"twitter_card":"summary_large_image","twitter_misc":{"Tiempo de lectura":"2 minutos"},"schema":{"@context":"https:\/\/schema.org","@graph":[{"@type":"WebPage","@id":"https:\/\/tresmaresdiseno.net\/index.php\/el-insomne\/","url":"https:\/\/tresmaresdiseno.net\/index.php\/el-insomne\/","name":"- Productora Tres Mares","isPartOf":{"@id":"https:\/\/tresmaresproductora.com\/#website"},"primaryImageOfPage":{"@id":"https:\/\/tresmaresdiseno.net\/index.php\/el-insomne\/#primaryimage"},"image":{"@id":"https:\/\/tresmaresdiseno.net\/index.php\/el-insomne\/#primaryimage"},"thumbnailUrl":"https:\/\/tresmaresdiseno.net\/wp-content\/uploads\/2024\/04\/Laport-10.jpg","datePublished":"2024-04-24T16:21:55+00:00","dateModified":"2024-04-24T18:08:24+00:00","inLanguage":"es-AR","potentialAction":[{"@type":"ReadAction","target":["https:\/\/tresmaresdiseno.net\/index.php\/el-insomne\/"]}]},{"@type":"ImageObject","inLanguage":"es-AR","@id":"https:\/\/tresmaresdiseno.net\/index.php\/el-insomne\/#primaryimage","url":"https:\/\/tresmaresdiseno.net\/wp-content\/uploads\/2024\/04\/Laport-10.jpg","contentUrl":"https:\/\/tresmaresdiseno.net\/wp-content\/uploads\/2024\/04\/Laport-10.jpg","width":1920,"height":1080},{"@type":"WebSite","@id":"https:\/\/tresmaresproductora.com\/#website","url":"https:\/\/tresmaresproductora.com\/","name":"Productora Tres Mares","description":"","publisher":{"@id":"https:\/\/tresmaresproductora.com\/#organization"},"potentialAction":[{"@type":"SearchAction","target":{"@type":"EntryPoint","urlTemplate":"https:\/\/tresmaresproductora.com\/?s={search_term_string}"},"query-input":"required name=search_term_string"}],"inLanguage":"es-AR"},{"@type":"Organization","@id":"https:\/\/tresmaresproductora.com\/#organization","name":"Productora Tres Mares","url":"https:\/\/tresmaresproductora.com\/","logo":{"@type":"ImageObject","inLanguage":"es-AR","@id":"https:\/\/tresmaresproductora.com\/#\/schema\/logo\/image\/","url":"https:\/\/tresmaresdiseno.net\/wp-content\/uploads\/2024\/01\/logo-01.png","contentUrl":"https:\/\/tresmaresdiseno.net\/wp-content\/uploads\/2024\/01\/logo-01.png","width":750,"height":104,"caption":"Productora Tres Mares"},"image":{"@id":"https:\/\/tresmaresproductora.com\/#\/schema\/logo\/image\/"}}]}},"_links":{"self":[{"href":"https:\/\/tresmaresdiseno.net\/index.php\/wp-json\/wp\/v2\/pages\/433"}],"collection":[{"href":"https:\/\/tresmaresdiseno.net\/index.php\/wp-json\/wp\/v2\/pages"}],"about":[{"href":"https:\/\/tresmaresdiseno.net\/index.php\/wp-json\/wp\/v2\/types\/page"}],"author":[{"embeddable":true,"href":"https:\/\/tresmaresdiseno.net\/index.php\/wp-json\/wp\/v2\/users\/1"}],"replies":[{"embeddable":true,"href":"https:\/\/tresmaresdiseno.net\/index.php\/wp-json\/wp\/v2\/comments?post=433"}],"version-history":[{"count":3,"href":"https:\/\/tresmaresdiseno.net\/index.php\/wp-json\/wp\/v2\/pages\/433\/revisions"}],"predecessor-version":[{"id":440,"href":"https:\/\/tresmaresdiseno.net\/index.php\/wp-json\/wp\/v2\/pages\/433\/revisions\/440"}],"wp:attachment":[{"href":"https:\/\/tresmaresdiseno.net\/index.php\/wp-json\/wp\/v2\/media?parent=433"}],"curies":[{"name":"wp","href":"https:\/\/api.w.org\/{rel}","templated":true}]}}