{"id":458,"date":"2024-04-25T14:47:01","date_gmt":"2024-04-25T17:47:01","guid":{"rendered":"https:\/\/tresmaresdiseno.net\/?page_id=458"},"modified":"2024-05-03T15:39:56","modified_gmt":"2024-05-03T18:39:56","slug":"rosarito-2","status":"publish","type":"page","link":"https:\/\/tresmaresdiseno.net\/index.php\/rosarito-2\/","title":{"rendered":""},"content":{"rendered":"\n<div class=\"wp-block-cover is-light\"><span aria-hidden=\"true\" class=\"wp-block-cover__background has-background-dim\"><\/span><img loading=\"lazy\" decoding=\"async\" width=\"960\" height=\"640\" class=\"wp-block-cover__image-background wp-image-460\" alt=\"\" src=\"https:\/\/tresmaresdiseno.net\/wp-content\/uploads\/2024\/04\/730571-l-1670413315.jpg\" data-object-fit=\"cover\" srcset=\"https:\/\/tresmaresdiseno.net\/wp-content\/uploads\/2024\/04\/730571-l-1670413315.jpg 960w, https:\/\/tresmaresdiseno.net\/wp-content\/uploads\/2024\/04\/730571-l-1670413315-300x200.jpg 300w, https:\/\/tresmaresdiseno.net\/wp-content\/uploads\/2024\/04\/730571-l-1670413315-768x512.jpg 768w\" sizes=\"(max-width: 960px) 100vw, 960px\" \/><div class=\"wp-block-cover__inner-container is-layout-constrained wp-container-core-cover-is-layout-1 wp-block-cover-is-layout-constrained\">\n<h1 class=\"wp-block-heading has-text-align-left has-heading-color-color has-text-color has-link-color has-xxx-large-font-size wp-elements-9e424b01610e6044b458dd131ffebe70\">Rosarito<\/h1>\n\n\n\n<p class=\"has-heading-color-color has-text-color has-link-color has-small-font-size wp-elements-c4c00a0a7c121e02018dde48d90eb91e\">Formato: Serie Animada<\/p>\n\n\n\n<p class=\"has-heading-color-color has-text-color has-link-color has-small-font-size wp-elements-7828a1182a3f0b1d46f5499924ce644d\">A\u00f1o: 2023<\/p>\n\n\n\n<p class=\"has-heading-color-color has-text-color has-link-color has-small-font-size wp-elements-d35d159a812dfd7136047016ab143883\">Pa\u00eds: Argentina<\/p>\n\n\n\n<p class=\"has-heading-color-color has-text-color has-link-color has-small-font-size wp-elements-e2f5f940cd07e0184bc15e9b7608ad8f\">G\u00e9nero: Infantil | Educativa<\/p>\n\n\n\n<p class=\"has-heading-color-color has-text-color has-link-color has-small-font-size wp-elements-816f6a6d9592065648d9670ea3f41c37\">Idioma: Espa\u00f1ol&nbsp;<\/p>\n\n\n\n<p class=\"has-heading-color-color has-text-color has-link-color has-small-font-size wp-elements-5af635ce9c01e37743405c3415c07c70\">Subtitulado: Ingl\u00e9s<\/p>\n\n\n\n<p class=\"has-heading-color-color has-text-color has-link-color has-small-font-size wp-elements-210083ec8996c8141982caff8e576d15\" style=\"margin-top:0;margin-bottom:var(--wp--preset--spacing--40)\">Episodios: 13 x 7\u00b4<\/p>\n\n\n\n<div class=\"wp-block-buttons is-layout-flex wp-block-buttons-is-layout-flex\">\n<div class=\"wp-block-button is-style-outline is-style-outline--3ed813dc9c65fe428167c779bdf655d6\"><a class=\"wp-block-button__link has-primary-color has-text-color has-link-color has-border-color wp-element-button\" href=\"https:\/\/youtu.be\/tSjGJf-VBPg\" style=\"border-color:#a4d3dd;border-radius:0px;padding-top:var(--wp--preset--spacing--20);padding-bottom:var(--wp--preset--spacing--20)\" target=\"_blank\" rel=\"noreferrer noopener\"><strong>Trailer<\/strong><\/a><\/div>\n<\/div>\n<\/div><\/div>\n\n\n\n<div class=\"wp-block-cover is-light\" style=\"min-height:651px;aspect-ratio:unset;\"><span aria-hidden=\"true\" class=\"wp-block-cover__background has-transparent-background-color has-background-dim-100 has-background-dim\"><\/span><div class=\"wp-block-cover__inner-container is-layout-constrained wp-container-core-cover-is-layout-2 wp-block-cover-is-layout-constrained\">\n<div style=\"height:24px\" aria-hidden=\"true\" class=\"wp-block-spacer\"><\/div>\n\n\n\n<h2 class=\"wp-block-heading has-text-align-left has-heading-color-color has-text-color has-link-color has-large-font-size wp-elements-4fe7660b3187d2acd7b975ed8097f6df\">Sinopsis<\/h2>\n\n\n\n<p class=\"has-heading-color-color has-text-color has-link-color has-small-font-size wp-elements-5e3bb5c2e40829bab7fa0cb60625a3b9\">Rosarito, es una ni\u00f1a muy curiosa que vive en un peque\u00f1o pueblo de monta\u00f1a. Ama descubrir cosas nuevas, con su amiga Efra\u00edn y el oso melero Buenos D\u00edas. Juntos exploran el mundo que los rodea y se enredan en divertidas aventuras que dejan ense\u00f1anzas y que ella guarda dibujadas para siempre en su libreta.<\/p>\n\n\n\n<div style=\"height:24px\" aria-hidden=\"true\" class=\"wp-block-spacer\"><\/div>\n\n\n\n<div class=\"wp-block-columns is-layout-flex wp-container-core-columns-is-layout-1 wp-block-columns-is-layout-flex\">\n<div class=\"wp-block-column is-layout-flow wp-block-column-is-layout-flow\">\n<figure class=\"wp-block-image aligncenter size-full is-resized\"><img loading=\"lazy\" decoding=\"async\" width=\"500\" height=\"500\" src=\"https:\/\/tresmaresdiseno.net\/wp-content\/uploads\/2024\/03\/1.png\" alt=\"\" class=\"wp-image-332\" style=\"width:150px\" srcset=\"https:\/\/tresmaresdiseno.net\/wp-content\/uploads\/2024\/03\/1.png 500w, https:\/\/tresmaresdiseno.net\/wp-content\/uploads\/2024\/03\/1-300x300.png 300w, https:\/\/tresmaresdiseno.net\/wp-content\/uploads\/2024\/03\/1-150x150.png 150w\" sizes=\"(max-width: 500px) 100vw, 500px\" \/><\/figure>\n\n\n\n<h5 class=\"wp-block-heading has-text-align-center has-heading-color-color has-text-color has-link-color wp-elements-a3089960b2d9af0a7c58e1d8a0588b03\">Direcci\u00f3n<\/h5>\n\n\n\n<p class=\"has-text-align-center has-heading-color-color has-text-color has-link-color wp-elements-576d84629d01cd748d08c8c202079e87\">Hebe Estrabou<\/p>\n<\/div>\n\n\n\n<div class=\"wp-block-column is-layout-flow wp-block-column-is-layout-flow\">\n<figure class=\"wp-block-image aligncenter size-full is-resized\"><img loading=\"lazy\" decoding=\"async\" width=\"500\" height=\"500\" src=\"https:\/\/tresmaresdiseno.net\/wp-content\/uploads\/2024\/03\/3.png\" alt=\"\" class=\"wp-image-333\" style=\"width:150px\" srcset=\"https:\/\/tresmaresdiseno.net\/wp-content\/uploads\/2024\/03\/3.png 500w, https:\/\/tresmaresdiseno.net\/wp-content\/uploads\/2024\/03\/3-300x300.png 300w, https:\/\/tresmaresdiseno.net\/wp-content\/uploads\/2024\/03\/3-150x150.png 150w\" sizes=\"(max-width: 500px) 100vw, 500px\" \/><\/figure>\n\n\n\n<h5 class=\"wp-block-heading has-text-align-center has-heading-color-color has-text-color has-link-color wp-elements-7f4eab24067e0cf29fcf9bbe8f88ec3d\">Gui\u00f3n<\/h5>\n\n\n\n<p class=\"has-text-align-center has-heading-color-color has-text-color has-link-color wp-elements-03e75e89b34f6a1caad88061ee0965ad\">Luz M\u00e1rquez<\/p>\n<\/div>\n\n\n\n<div class=\"wp-block-column is-layout-flow wp-block-column-is-layout-flow\">\n<figure class=\"wp-block-image aligncenter size-full is-resized\"><img loading=\"lazy\" decoding=\"async\" width=\"500\" height=\"500\" src=\"https:\/\/tresmaresdiseno.net\/wp-content\/uploads\/2024\/03\/2.png\" alt=\"\" class=\"wp-image-334\" style=\"width:150px\" srcset=\"https:\/\/tresmaresdiseno.net\/wp-content\/uploads\/2024\/03\/2.png 500w, https:\/\/tresmaresdiseno.net\/wp-content\/uploads\/2024\/03\/2-300x300.png 300w, https:\/\/tresmaresdiseno.net\/wp-content\/uploads\/2024\/03\/2-150x150.png 150w\" sizes=\"(max-width: 500px) 100vw, 500px\" \/><\/figure>\n\n\n\n<h5 class=\"wp-block-heading has-text-align-center has-heading-color-color has-text-color has-link-color wp-elements-0dd733b13470319ddbcfb8151b2ce1d7\">Producci\u00f3n<\/h5>\n\n\n\n<p class=\"has-text-align-center has-heading-color-color has-text-color has-link-color wp-elements-c2e9e3b779ee5072dc9b5f62c373197b\">Mar\u00eda Eugenia Ferrer &#8211; Mauricio Minotti<\/p>\n<\/div>\n<\/div>\n\n\n\n<div style=\"height:24px\" aria-hidden=\"true\" class=\"wp-block-spacer\"><\/div>\n\n\n\n<blockquote class=\"wp-block-quote has-text-align-center is-layout-flow wp-block-quote-is-layout-flow\">\n<p><\/p>\n<\/blockquote>\n<\/div><\/div>\n","protected":false},"excerpt":{"rendered":"","protected":false},"author":1,"featured_media":0,"parent":0,"menu_order":0,"comment_status":"closed","ping_status":"closed","template":"","meta":{"footnotes":""},"class_list":["post-458","page","type-page","status-publish","hentry"],"yoast_head":"<!-- This site is optimized with the Yoast SEO plugin v23.0 - https:\/\/yoast.com\/wordpress\/plugins\/seo\/ -->\n<title>- Productora Tres Mares<\/title>\n<meta name=\"robots\" content=\"noindex, follow, max-snippet:-1, max-image-preview:large, max-video-preview:-1\" \/>\n<meta property=\"og:locale\" content=\"es_ES\" \/>\n<meta property=\"og:type\" content=\"article\" \/>\n<meta property=\"og:title\" content=\"- Productora Tres Mares\" \/>\n<meta property=\"og:url\" content=\"https:\/\/tresmaresdiseno.net\/index.php\/rosarito-2\/\" \/>\n<meta property=\"og:site_name\" content=\"Productora Tres Mares\" \/>\n<meta property=\"article:modified_time\" content=\"2024-05-03T18:39:56+00:00\" \/>\n<meta property=\"og:image\" content=\"https:\/\/tresmaresdiseno.net\/wp-content\/uploads\/2024\/04\/730571-l-1670413315.jpg\" \/>\n<meta name=\"twitter:card\" content=\"summary_large_image\" \/>\n<meta name=\"twitter:label1\" content=\"Tiempo de lectura\" \/>\n\t<meta name=\"twitter:data1\" content=\"2 minutos\" \/>\n<script type=\"application\/ld+json\" class=\"yoast-schema-graph\">{\"@context\":\"https:\/\/schema.org\",\"@graph\":[{\"@type\":\"WebPage\",\"@id\":\"https:\/\/tresmaresdiseno.net\/index.php\/rosarito-2\/\",\"url\":\"https:\/\/tresmaresdiseno.net\/index.php\/rosarito-2\/\",\"name\":\"- Productora Tres Mares\",\"isPartOf\":{\"@id\":\"https:\/\/tresmaresproductora.com\/#website\"},\"primaryImageOfPage\":{\"@id\":\"https:\/\/tresmaresdiseno.net\/index.php\/rosarito-2\/#primaryimage\"},\"image\":{\"@id\":\"https:\/\/tresmaresdiseno.net\/index.php\/rosarito-2\/#primaryimage\"},\"thumbnailUrl\":\"https:\/\/tresmaresdiseno.net\/wp-content\/uploads\/2024\/04\/730571-l-1670413315.jpg\",\"datePublished\":\"2024-04-25T17:47:01+00:00\",\"dateModified\":\"2024-05-03T18:39:56+00:00\",\"inLanguage\":\"es-AR\",\"potentialAction\":[{\"@type\":\"ReadAction\",\"target\":[\"https:\/\/tresmaresdiseno.net\/index.php\/rosarito-2\/\"]}]},{\"@type\":\"ImageObject\",\"inLanguage\":\"es-AR\",\"@id\":\"https:\/\/tresmaresdiseno.net\/index.php\/rosarito-2\/#primaryimage\",\"url\":\"https:\/\/tresmaresdiseno.net\/wp-content\/uploads\/2024\/04\/730571-l-1670413315.jpg\",\"contentUrl\":\"https:\/\/tresmaresdiseno.net\/wp-content\/uploads\/2024\/04\/730571-l-1670413315.jpg\",\"width\":960,\"height\":640},{\"@type\":\"WebSite\",\"@id\":\"https:\/\/tresmaresproductora.com\/#website\",\"url\":\"https:\/\/tresmaresproductora.com\/\",\"name\":\"Productora Tres Mares\",\"description\":\"\",\"publisher\":{\"@id\":\"https:\/\/tresmaresproductora.com\/#organization\"},\"potentialAction\":[{\"@type\":\"SearchAction\",\"target\":{\"@type\":\"EntryPoint\",\"urlTemplate\":\"https:\/\/tresmaresproductora.com\/?s={search_term_string}\"},\"query-input\":\"required name=search_term_string\"}],\"inLanguage\":\"es-AR\"},{\"@type\":\"Organization\",\"@id\":\"https:\/\/tresmaresproductora.com\/#organization\",\"name\":\"Productora Tres Mares\",\"url\":\"https:\/\/tresmaresproductora.com\/\",\"logo\":{\"@type\":\"ImageObject\",\"inLanguage\":\"es-AR\",\"@id\":\"https:\/\/tresmaresproductora.com\/#\/schema\/logo\/image\/\",\"url\":\"https:\/\/tresmaresdiseno.net\/wp-content\/uploads\/2024\/01\/logo-01.png\",\"contentUrl\":\"https:\/\/tresmaresdiseno.net\/wp-content\/uploads\/2024\/01\/logo-01.png\",\"width\":750,\"height\":104,\"caption\":\"Productora Tres Mares\"},\"image\":{\"@id\":\"https:\/\/tresmaresproductora.com\/#\/schema\/logo\/image\/\"}}]}<\/script>\n<!-- \/ Yoast SEO plugin. -->","yoast_head_json":{"title":"- Productora Tres Mares","robots":{"index":"noindex","follow":"follow","max-snippet":"max-snippet:-1","max-image-preview":"max-image-preview:large","max-video-preview":"max-video-preview:-1"},"og_locale":"es_ES","og_type":"article","og_title":"- Productora Tres Mares","og_url":"https:\/\/tresmaresdiseno.net\/index.php\/rosarito-2\/","og_site_name":"Productora Tres Mares","article_modified_time":"2024-05-03T18:39:56+00:00","og_image":[{"url":"https:\/\/tresmaresdiseno.net\/wp-content\/uploads\/2024\/04\/730571-l-1670413315.jpg"}],"twitter_card":"summary_large_image","twitter_misc":{"Tiempo de lectura":"2 minutos"},"schema":{"@context":"https:\/\/schema.org","@graph":[{"@type":"WebPage","@id":"https:\/\/tresmaresdiseno.net\/index.php\/rosarito-2\/","url":"https:\/\/tresmaresdiseno.net\/index.php\/rosarito-2\/","name":"- Productora Tres Mares","isPartOf":{"@id":"https:\/\/tresmaresproductora.com\/#website"},"primaryImageOfPage":{"@id":"https:\/\/tresmaresdiseno.net\/index.php\/rosarito-2\/#primaryimage"},"image":{"@id":"https:\/\/tresmaresdiseno.net\/index.php\/rosarito-2\/#primaryimage"},"thumbnailUrl":"https:\/\/tresmaresdiseno.net\/wp-content\/uploads\/2024\/04\/730571-l-1670413315.jpg","datePublished":"2024-04-25T17:47:01+00:00","dateModified":"2024-05-03T18:39:56+00:00","inLanguage":"es-AR","potentialAction":[{"@type":"ReadAction","target":["https:\/\/tresmaresdiseno.net\/index.php\/rosarito-2\/"]}]},{"@type":"ImageObject","inLanguage":"es-AR","@id":"https:\/\/tresmaresdiseno.net\/index.php\/rosarito-2\/#primaryimage","url":"https:\/\/tresmaresdiseno.net\/wp-content\/uploads\/2024\/04\/730571-l-1670413315.jpg","contentUrl":"https:\/\/tresmaresdiseno.net\/wp-content\/uploads\/2024\/04\/730571-l-1670413315.jpg","width":960,"height":640},{"@type":"WebSite","@id":"https:\/\/tresmaresproductora.com\/#website","url":"https:\/\/tresmaresproductora.com\/","name":"Productora Tres Mares","description":"","publisher":{"@id":"https:\/\/tresmaresproductora.com\/#organization"},"potentialAction":[{"@type":"SearchAction","target":{"@type":"EntryPoint","urlTemplate":"https:\/\/tresmaresproductora.com\/?s={search_term_string}"},"query-input":"required name=search_term_string"}],"inLanguage":"es-AR"},{"@type":"Organization","@id":"https:\/\/tresmaresproductora.com\/#organization","name":"Productora Tres Mares","url":"https:\/\/tresmaresproductora.com\/","logo":{"@type":"ImageObject","inLanguage":"es-AR","@id":"https:\/\/tresmaresproductora.com\/#\/schema\/logo\/image\/","url":"https:\/\/tresmaresdiseno.net\/wp-content\/uploads\/2024\/01\/logo-01.png","contentUrl":"https:\/\/tresmaresdiseno.net\/wp-content\/uploads\/2024\/01\/logo-01.png","width":750,"height":104,"caption":"Productora Tres Mares"},"image":{"@id":"https:\/\/tresmaresproductora.com\/#\/schema\/logo\/image\/"}}]}},"_links":{"self":[{"href":"https:\/\/tresmaresdiseno.net\/index.php\/wp-json\/wp\/v2\/pages\/458"}],"collection":[{"href":"https:\/\/tresmaresdiseno.net\/index.php\/wp-json\/wp\/v2\/pages"}],"about":[{"href":"https:\/\/tresmaresdiseno.net\/index.php\/wp-json\/wp\/v2\/types\/page"}],"author":[{"embeddable":true,"href":"https:\/\/tresmaresdiseno.net\/index.php\/wp-json\/wp\/v2\/users\/1"}],"replies":[{"embeddable":true,"href":"https:\/\/tresmaresdiseno.net\/index.php\/wp-json\/wp\/v2\/comments?post=458"}],"version-history":[{"count":3,"href":"https:\/\/tresmaresdiseno.net\/index.php\/wp-json\/wp\/v2\/pages\/458\/revisions"}],"predecessor-version":[{"id":476,"href":"https:\/\/tresmaresdiseno.net\/index.php\/wp-json\/wp\/v2\/pages\/458\/revisions\/476"}],"wp:attachment":[{"href":"https:\/\/tresmaresdiseno.net\/index.php\/wp-json\/wp\/v2\/media?parent=458"}],"curies":[{"name":"wp","href":"https:\/\/api.w.org\/{rel}","templated":true}]}}