{"id":465,"date":"2024-04-25T15:24:45","date_gmt":"2024-04-25T18:24:45","guid":{"rendered":"https:\/\/tresmaresdiseno.net\/?page_id=465"},"modified":"2024-04-25T15:25:27","modified_gmt":"2024-04-25T18:25:27","slug":"el-negro","status":"publish","type":"page","link":"https:\/\/tresmaresdiseno.net\/index.php\/el-negro\/","title":{"rendered":""},"content":{"rendered":"\n<div class=\"wp-block-cover is-light\"><span aria-hidden=\"true\" class=\"wp-block-cover__background has-background-dim\"><\/span><img loading=\"lazy\" decoding=\"async\" width=\"1263\" height=\"682\" class=\"wp-block-cover__image-background wp-image-466\" alt=\"\" src=\"https:\/\/tresmaresdiseno.net\/wp-content\/uploads\/2024\/04\/el-negro-la-historia-de-carlos-monzon.jpg\" data-object-fit=\"cover\" srcset=\"https:\/\/tresmaresdiseno.net\/wp-content\/uploads\/2024\/04\/el-negro-la-historia-de-carlos-monzon.jpg 1263w, https:\/\/tresmaresdiseno.net\/wp-content\/uploads\/2024\/04\/el-negro-la-historia-de-carlos-monzon-300x162.jpg 300w, https:\/\/tresmaresdiseno.net\/wp-content\/uploads\/2024\/04\/el-negro-la-historia-de-carlos-monzon-1024x553.jpg 1024w, https:\/\/tresmaresdiseno.net\/wp-content\/uploads\/2024\/04\/el-negro-la-historia-de-carlos-monzon-768x415.jpg 768w\" sizes=\"(max-width: 1263px) 100vw, 1263px\" \/><div class=\"wp-block-cover__inner-container is-layout-constrained wp-container-core-cover-is-layout-1 wp-block-cover-is-layout-constrained\">\n<h1 class=\"wp-block-heading has-text-align-left has-heading-color-color has-text-color has-link-color has-xxx-large-font-size wp-elements-b273f08bbb459e255724f2843e74fab3\">El Negro<\/h1>\n\n\n\n<h3 class=\"wp-block-heading has-heading-color-color has-text-color has-link-color has-large-font-size wp-elements-3688ffca49662605de8bee01affa51c5\" style=\"font-style:normal;font-weight:100\">Largometraje \/ Documental \/ Biogr\u00e1fico<\/h3>\n\n\n\n<p class=\"has-heading-color-color has-text-color has-link-color has-small-font-size wp-elements-dfe7bc5f676b489462121a5d994377cb\">90 minutos.&nbsp;<mark style=\"background-color:#a4d3dd\" class=\"has-inline-color has-background-color\">En Desarrollo<\/mark><\/p>\n\n\n\n<div style=\"height:28px\" aria-hidden=\"true\" class=\"wp-block-spacer\"><\/div>\n\n\n\n<div class=\"wp-block-buttons is-layout-flex wp-block-buttons-is-layout-flex\">\n<div class=\"wp-block-button is-style-outline is-style-outline--c43df18f5faade688963186d8321c860\"><a class=\"wp-block-button__link has-primary-color has-text-color has-link-color has-border-color wp-element-button\" href=\"https:\/\/youtu.be\/szpTZljkyiU\" style=\"border-color:#a4d3dd;border-radius:0px;padding-top:var(--wp--preset--spacing--20);padding-bottom:var(--wp--preset--spacing--20)\" target=\"_blank\" rel=\"noreferrer noopener\"><strong>Trailer<\/strong><\/a><\/div>\n<\/div>\n<\/div><\/div>\n\n\n\n<div class=\"wp-block-cover is-light\" style=\"min-height:651px;aspect-ratio:unset;\"><span aria-hidden=\"true\" class=\"wp-block-cover__background has-transparent-background-color has-background-dim-100 has-background-dim\"><\/span><div class=\"wp-block-cover__inner-container is-layout-constrained wp-container-core-cover-is-layout-2 wp-block-cover-is-layout-constrained\">\n<div style=\"height:24px\" aria-hidden=\"true\" class=\"wp-block-spacer\"><\/div>\n\n\n\n<h2 class=\"wp-block-heading has-text-align-left has-heading-color-color has-text-color has-link-color has-large-font-size wp-elements-4fe7660b3187d2acd7b975ed8097f6df\">Sinopsis<\/h2>\n\n\n\n<p class=\"has-heading-color-color has-text-color has-link-color has-small-font-size wp-elements-0dbe99d8ed9554dd9b1ad26cfcc4c0bb\">El gran campe\u00f3n de box, Carlos Monz\u00f3n, es retratado como un h\u00e9roe de tragedia griega. Un muchacho humilde que busca amor y respeto pero, para lograrlo, se empecina en conductas que lo llevan a destruir eso que persigue: el personaje del Macho Latino se devora a un Carlos que vive su masculinidad como violencia. Una violencia tan efectiva para vencer en el ring como para destruir todo lo que ama.&nbsp;<\/p>\n\n\n\n<div style=\"height:24px\" aria-hidden=\"true\" class=\"wp-block-spacer\"><\/div>\n\n\n\n<div class=\"wp-block-columns is-layout-flex wp-container-core-columns-is-layout-1 wp-block-columns-is-layout-flex\">\n<div class=\"wp-block-column is-layout-flow wp-block-column-is-layout-flow\">\n<figure class=\"wp-block-image aligncenter size-full is-resized\"><img loading=\"lazy\" decoding=\"async\" width=\"500\" height=\"500\" src=\"https:\/\/tresmaresdiseno.net\/wp-content\/uploads\/2024\/03\/1.png\" alt=\"\" class=\"wp-image-332\" style=\"width:150px\" srcset=\"https:\/\/tresmaresdiseno.net\/wp-content\/uploads\/2024\/03\/1.png 500w, https:\/\/tresmaresdiseno.net\/wp-content\/uploads\/2024\/03\/1-300x300.png 300w, https:\/\/tresmaresdiseno.net\/wp-content\/uploads\/2024\/03\/1-150x150.png 150w\" sizes=\"(max-width: 500px) 100vw, 500px\" \/><\/figure>\n\n\n\n<h5 class=\"wp-block-heading has-text-align-center has-heading-color-color has-text-color has-link-color wp-elements-a3089960b2d9af0a7c58e1d8a0588b03\">Direcci\u00f3n<\/h5>\n\n\n\n<p class=\"has-text-align-center has-heading-color-color has-text-color has-link-color wp-elements-583b28c8c575c4e01fedd83e6dfe6fe3\">Mauricio Minotti<\/p>\n<\/div>\n\n\n\n<div class=\"wp-block-column is-layout-flow wp-block-column-is-layout-flow\">\n<figure class=\"wp-block-image aligncenter size-full is-resized\"><img loading=\"lazy\" decoding=\"async\" width=\"500\" height=\"500\" src=\"https:\/\/tresmaresdiseno.net\/wp-content\/uploads\/2024\/03\/3.png\" alt=\"\" class=\"wp-image-333\" style=\"width:150px\" srcset=\"https:\/\/tresmaresdiseno.net\/wp-content\/uploads\/2024\/03\/3.png 500w, https:\/\/tresmaresdiseno.net\/wp-content\/uploads\/2024\/03\/3-300x300.png 300w, https:\/\/tresmaresdiseno.net\/wp-content\/uploads\/2024\/03\/3-150x150.png 150w\" sizes=\"(max-width: 500px) 100vw, 500px\" \/><\/figure>\n\n\n\n<h5 class=\"wp-block-heading has-text-align-center has-heading-color-color has-text-color has-link-color wp-elements-7f4eab24067e0cf29fcf9bbe8f88ec3d\">Gui\u00f3n<\/h5>\n\n\n\n<p class=\"has-text-align-center has-heading-color-color has-text-color has-link-color wp-elements-5ae3a025c17273f47c2445c5f3493611\">P\u00edo Longo<\/p>\n<\/div>\n\n\n\n<div class=\"wp-block-column is-layout-flow wp-block-column-is-layout-flow\">\n<figure class=\"wp-block-image aligncenter size-full is-resized\"><img loading=\"lazy\" decoding=\"async\" width=\"500\" height=\"500\" src=\"https:\/\/tresmaresdiseno.net\/wp-content\/uploads\/2024\/03\/2.png\" alt=\"\" class=\"wp-image-334\" style=\"width:150px\" srcset=\"https:\/\/tresmaresdiseno.net\/wp-content\/uploads\/2024\/03\/2.png 500w, https:\/\/tresmaresdiseno.net\/wp-content\/uploads\/2024\/03\/2-300x300.png 300w, https:\/\/tresmaresdiseno.net\/wp-content\/uploads\/2024\/03\/2-150x150.png 150w\" sizes=\"(max-width: 500px) 100vw, 500px\" \/><\/figure>\n\n\n\n<h5 class=\"wp-block-heading has-text-align-center has-heading-color-color has-text-color has-link-color wp-elements-0dd733b13470319ddbcfb8151b2ce1d7\">Producci\u00f3n<\/h5>\n\n\n\n<p class=\"has-text-align-center has-heading-color-color has-text-color has-link-color wp-elements-fa887117e89987c7bd3e89d5396a608b\">Mar\u00eda Eugenia Ferrer<\/p>\n<\/div>\n<\/div>\n\n\n\n<div style=\"height:24px\" aria-hidden=\"true\" class=\"wp-block-spacer\"><\/div>\n\n\n\n<h2 class=\"wp-block-heading has-heading-color-color has-text-color has-link-color has-large-font-size wp-elements-f44525968c0945be571999b3fc8fb512\">PREMIOS<\/h2>\n\n\n\n<p class=\"has-heading-color-color has-text-color has-link-color has-small-font-size wp-elements-7cf38dfb4d89ae2691be8de44c72c8c8\">Premio Est\u00edmulo E.S. 2017<\/p>\n\n\n\n<p class=\"has-heading-color-color has-text-color has-link-color has-small-font-size wp-elements-ed66082fb80a6ff095464859f6764ed8\">Premio Desarrollo Polo Audiovisual C\u00f3rdoba 2018<\/p>\n\n\n\n<p class=\"has-heading-color-color has-text-color has-link-color has-small-font-size wp-elements-b2c600bef078b7722451e074550cbe6b\">Premio Incubadora Documental INCAA 2018<\/p>\n\n\n\n<blockquote class=\"wp-block-quote has-text-align-center is-layout-flow wp-block-quote-is-layout-flow\">\n<p><\/p>\n<\/blockquote>\n<\/div><\/div>\n","protected":false},"excerpt":{"rendered":"","protected":false},"author":1,"featured_media":0,"parent":0,"menu_order":0,"comment_status":"closed","ping_status":"closed","template":"","meta":{"footnotes":""},"class_list":["post-465","page","type-page","status-publish","hentry"],"yoast_head":"<!-- This site is optimized with the Yoast SEO plugin v23.0 - https:\/\/yoast.com\/wordpress\/plugins\/seo\/ -->\n<title>- Productora Tres Mares<\/title>\n<meta name=\"robots\" content=\"noindex, follow, max-snippet:-1, max-image-preview:large, max-video-preview:-1\" \/>\n<meta property=\"og:locale\" content=\"es_ES\" \/>\n<meta property=\"og:type\" content=\"article\" \/>\n<meta property=\"og:title\" content=\"- Productora Tres Mares\" \/>\n<meta property=\"og:url\" content=\"https:\/\/tresmaresdiseno.net\/index.php\/el-negro\/\" \/>\n<meta property=\"og:site_name\" content=\"Productora Tres Mares\" \/>\n<meta property=\"article:modified_time\" content=\"2024-04-25T18:25:27+00:00\" \/>\n<meta property=\"og:image\" content=\"https:\/\/tresmaresdiseno.net\/wp-content\/uploads\/2024\/04\/el-negro-la-historia-de-carlos-monzon.jpg\" \/>\n<meta name=\"twitter:card\" content=\"summary_large_image\" \/>\n<meta name=\"twitter:label1\" content=\"Tiempo de lectura\" \/>\n\t<meta name=\"twitter:data1\" content=\"2 minutos\" \/>\n<script type=\"application\/ld+json\" class=\"yoast-schema-graph\">{\"@context\":\"https:\/\/schema.org\",\"@graph\":[{\"@type\":\"WebPage\",\"@id\":\"https:\/\/tresmaresdiseno.net\/index.php\/el-negro\/\",\"url\":\"https:\/\/tresmaresdiseno.net\/index.php\/el-negro\/\",\"name\":\"- Productora Tres Mares\",\"isPartOf\":{\"@id\":\"https:\/\/tresmaresproductora.com\/#website\"},\"primaryImageOfPage\":{\"@id\":\"https:\/\/tresmaresdiseno.net\/index.php\/el-negro\/#primaryimage\"},\"image\":{\"@id\":\"https:\/\/tresmaresdiseno.net\/index.php\/el-negro\/#primaryimage\"},\"thumbnailUrl\":\"https:\/\/tresmaresdiseno.net\/wp-content\/uploads\/2024\/04\/el-negro-la-historia-de-carlos-monzon.jpg\",\"datePublished\":\"2024-04-25T18:24:45+00:00\",\"dateModified\":\"2024-04-25T18:25:27+00:00\",\"inLanguage\":\"es-AR\",\"potentialAction\":[{\"@type\":\"ReadAction\",\"target\":[\"https:\/\/tresmaresdiseno.net\/index.php\/el-negro\/\"]}]},{\"@type\":\"ImageObject\",\"inLanguage\":\"es-AR\",\"@id\":\"https:\/\/tresmaresdiseno.net\/index.php\/el-negro\/#primaryimage\",\"url\":\"https:\/\/tresmaresdiseno.net\/wp-content\/uploads\/2024\/04\/el-negro-la-historia-de-carlos-monzon.jpg\",\"contentUrl\":\"https:\/\/tresmaresdiseno.net\/wp-content\/uploads\/2024\/04\/el-negro-la-historia-de-carlos-monzon.jpg\",\"width\":1263,\"height\":682},{\"@type\":\"WebSite\",\"@id\":\"https:\/\/tresmaresproductora.com\/#website\",\"url\":\"https:\/\/tresmaresproductora.com\/\",\"name\":\"Productora Tres Mares\",\"description\":\"\",\"publisher\":{\"@id\":\"https:\/\/tresmaresproductora.com\/#organization\"},\"potentialAction\":[{\"@type\":\"SearchAction\",\"target\":{\"@type\":\"EntryPoint\",\"urlTemplate\":\"https:\/\/tresmaresproductora.com\/?s={search_term_string}\"},\"query-input\":\"required name=search_term_string\"}],\"inLanguage\":\"es-AR\"},{\"@type\":\"Organization\",\"@id\":\"https:\/\/tresmaresproductora.com\/#organization\",\"name\":\"Productora Tres Mares\",\"url\":\"https:\/\/tresmaresproductora.com\/\",\"logo\":{\"@type\":\"ImageObject\",\"inLanguage\":\"es-AR\",\"@id\":\"https:\/\/tresmaresproductora.com\/#\/schema\/logo\/image\/\",\"url\":\"https:\/\/tresmaresdiseno.net\/wp-content\/uploads\/2024\/01\/logo-01.png\",\"contentUrl\":\"https:\/\/tresmaresdiseno.net\/wp-content\/uploads\/2024\/01\/logo-01.png\",\"width\":750,\"height\":104,\"caption\":\"Productora Tres Mares\"},\"image\":{\"@id\":\"https:\/\/tresmaresproductora.com\/#\/schema\/logo\/image\/\"}}]}<\/script>\n<!-- \/ Yoast SEO plugin. -->","yoast_head_json":{"title":"- Productora Tres Mares","robots":{"index":"noindex","follow":"follow","max-snippet":"max-snippet:-1","max-image-preview":"max-image-preview:large","max-video-preview":"max-video-preview:-1"},"og_locale":"es_ES","og_type":"article","og_title":"- Productora Tres Mares","og_url":"https:\/\/tresmaresdiseno.net\/index.php\/el-negro\/","og_site_name":"Productora Tres Mares","article_modified_time":"2024-04-25T18:25:27+00:00","og_image":[{"url":"https:\/\/tresmaresdiseno.net\/wp-content\/uploads\/2024\/04\/el-negro-la-historia-de-carlos-monzon.jpg"}],"twitter_card":"summary_large_image","twitter_misc":{"Tiempo de lectura":"2 minutos"},"schema":{"@context":"https:\/\/schema.org","@graph":[{"@type":"WebPage","@id":"https:\/\/tresmaresdiseno.net\/index.php\/el-negro\/","url":"https:\/\/tresmaresdiseno.net\/index.php\/el-negro\/","name":"- Productora Tres Mares","isPartOf":{"@id":"https:\/\/tresmaresproductora.com\/#website"},"primaryImageOfPage":{"@id":"https:\/\/tresmaresdiseno.net\/index.php\/el-negro\/#primaryimage"},"image":{"@id":"https:\/\/tresmaresdiseno.net\/index.php\/el-negro\/#primaryimage"},"thumbnailUrl":"https:\/\/tresmaresdiseno.net\/wp-content\/uploads\/2024\/04\/el-negro-la-historia-de-carlos-monzon.jpg","datePublished":"2024-04-25T18:24:45+00:00","dateModified":"2024-04-25T18:25:27+00:00","inLanguage":"es-AR","potentialAction":[{"@type":"ReadAction","target":["https:\/\/tresmaresdiseno.net\/index.php\/el-negro\/"]}]},{"@type":"ImageObject","inLanguage":"es-AR","@id":"https:\/\/tresmaresdiseno.net\/index.php\/el-negro\/#primaryimage","url":"https:\/\/tresmaresdiseno.net\/wp-content\/uploads\/2024\/04\/el-negro-la-historia-de-carlos-monzon.jpg","contentUrl":"https:\/\/tresmaresdiseno.net\/wp-content\/uploads\/2024\/04\/el-negro-la-historia-de-carlos-monzon.jpg","width":1263,"height":682},{"@type":"WebSite","@id":"https:\/\/tresmaresproductora.com\/#website","url":"https:\/\/tresmaresproductora.com\/","name":"Productora Tres Mares","description":"","publisher":{"@id":"https:\/\/tresmaresproductora.com\/#organization"},"potentialAction":[{"@type":"SearchAction","target":{"@type":"EntryPoint","urlTemplate":"https:\/\/tresmaresproductora.com\/?s={search_term_string}"},"query-input":"required name=search_term_string"}],"inLanguage":"es-AR"},{"@type":"Organization","@id":"https:\/\/tresmaresproductora.com\/#organization","name":"Productora Tres Mares","url":"https:\/\/tresmaresproductora.com\/","logo":{"@type":"ImageObject","inLanguage":"es-AR","@id":"https:\/\/tresmaresproductora.com\/#\/schema\/logo\/image\/","url":"https:\/\/tresmaresdiseno.net\/wp-content\/uploads\/2024\/01\/logo-01.png","contentUrl":"https:\/\/tresmaresdiseno.net\/wp-content\/uploads\/2024\/01\/logo-01.png","width":750,"height":104,"caption":"Productora Tres Mares"},"image":{"@id":"https:\/\/tresmaresproductora.com\/#\/schema\/logo\/image\/"}}]}},"_links":{"self":[{"href":"https:\/\/tresmaresdiseno.net\/index.php\/wp-json\/wp\/v2\/pages\/465"}],"collection":[{"href":"https:\/\/tresmaresdiseno.net\/index.php\/wp-json\/wp\/v2\/pages"}],"about":[{"href":"https:\/\/tresmaresdiseno.net\/index.php\/wp-json\/wp\/v2\/types\/page"}],"author":[{"embeddable":true,"href":"https:\/\/tresmaresdiseno.net\/index.php\/wp-json\/wp\/v2\/users\/1"}],"replies":[{"embeddable":true,"href":"https:\/\/tresmaresdiseno.net\/index.php\/wp-json\/wp\/v2\/comments?post=465"}],"version-history":[{"count":2,"href":"https:\/\/tresmaresdiseno.net\/index.php\/wp-json\/wp\/v2\/pages\/465\/revisions"}],"predecessor-version":[{"id":468,"href":"https:\/\/tresmaresdiseno.net\/index.php\/wp-json\/wp\/v2\/pages\/465\/revisions\/468"}],"wp:attachment":[{"href":"https:\/\/tresmaresdiseno.net\/index.php\/wp-json\/wp\/v2\/media?parent=465"}],"curies":[{"name":"wp","href":"https:\/\/api.w.org\/{rel}","templated":true}]}}