{"id":497,"date":"2024-05-06T14:35:42","date_gmt":"2024-05-06T17:35:42","guid":{"rendered":"https:\/\/tresmaresdiseno.net\/?page_id=497"},"modified":"2024-05-06T14:36:34","modified_gmt":"2024-05-06T17:36:34","slug":"no-dormire-verte-morir","status":"publish","type":"page","link":"https:\/\/tresmaresdiseno.net\/index.php\/no-dormire-verte-morir\/","title":{"rendered":""},"content":{"rendered":"\n<div class=\"wp-block-cover\"><span aria-hidden=\"true\" class=\"wp-block-cover__background has-background-background-color has-background-dim-70 has-background-dim\"><\/span><img loading=\"lazy\" decoding=\"async\" width=\"400\" height=\"203\" class=\"wp-block-cover__image-background wp-image-229\" alt=\"\" src=\"https:\/\/tresmaresdiseno.net\/wp-content\/uploads\/2024\/02\/No-Dormire-Para-Verte-Morir_Box_Web.jpg\" data-object-fit=\"cover\" srcset=\"https:\/\/tresmaresdiseno.net\/wp-content\/uploads\/2024\/02\/No-Dormire-Para-Verte-Morir_Box_Web.jpg 400w, https:\/\/tresmaresdiseno.net\/wp-content\/uploads\/2024\/02\/No-Dormire-Para-Verte-Morir_Box_Web-300x152.jpg 300w\" sizes=\"(max-width: 400px) 100vw, 400px\" \/><div class=\"wp-block-cover__inner-container is-layout-constrained wp-container-core-cover-is-layout-1 wp-block-cover-is-layout-constrained\">\n<h1 class=\"wp-block-heading has-text-align-left has-heading-color-color has-text-color has-link-color has-xxx-large-font-size wp-elements-2a0e5085ee1a7c841d88e188bac874e2\">No dormir\u00e9 para verte morir<\/h1>\n\n\n\n<h3 class=\"wp-block-heading has-heading-color-color has-text-color has-link-color has-large-font-size wp-elements-b19bb9a8b93aa9772ed82772471439d7\" style=\"font-style:normal;font-weight:100\">Serie \/ Ficci\u00f3n<\/h3>\n\n\n\n<h3 class=\"wp-block-heading has-heading-color-color has-text-color has-link-color has-large-font-size wp-elements-517a34b14224a74b79885d15ecff1f2e\" style=\"font-style:normal;font-weight:100\">Autores:  Gast\u00f3n Tremsal \/&nbsp;Mauricio Minotti<\/h3>\n\n\n\n<p class=\"has-heading-color-color has-text-color has-link-color has-small-font-size wp-elements-3b55775f082199a629cde0701684342f\">8 x 52\u2019.\u00a0<mark style=\"background-color:#a4d3dd\" class=\"has-inline-color has-background-color\">En Desarrollo<\/mark><\/p>\n\n\n\n<div style=\"height:28px\" aria-hidden=\"true\" class=\"wp-block-spacer\"><\/div>\n<\/div><\/div>\n\n\n\n<div class=\"wp-block-cover is-light\" style=\"min-height:189px;aspect-ratio:unset;\"><span aria-hidden=\"true\" class=\"wp-block-cover__background has-transparent-background-color has-background-dim-100 has-background-dim\"><\/span><div class=\"wp-block-cover__inner-container is-layout-constrained wp-container-core-cover-is-layout-2 wp-block-cover-is-layout-constrained\">\n<div style=\"height:24px\" aria-hidden=\"true\" class=\"wp-block-spacer\"><\/div>\n\n\n\n<h2 class=\"wp-block-heading has-text-align-left has-heading-color-color has-text-color has-link-color has-large-font-size wp-elements-4fe7660b3187d2acd7b975ed8097f6df\">Sinopsis<\/h2>\n\n\n\n<p class=\"has-heading-color-color has-text-color has-link-color has-small-font-size wp-elements-d0f21e4e8f7e6deea6b3aa12ecc4242b\">En Ushuaia, la ciudad m\u00e1s austral del mundo, una intr\u00e9pida mujer polic\u00eda infiltrada en una red de trata intenta rescatar a una adolescente cautiva. Cuando descubre que est\u00e1 siendo manipulada en una operaci\u00f3n de espionaje internacional, emprende una cacer\u00eda contra aquellos que quieren sacrificarla. <\/p>\n\n\n\n<p class=\"has-heading-color-color has-text-color has-link-color has-small-font-size wp-elements-292abfd28e3228e23efef3ed13312d68\">NO DORMIR\u00c9 PARA VERTE MORIR es la historia de una mujer que no se queda cruzada de brazos frente a la injusticia, es la historia de una mujer que fue criada para luchar por sus convicciones, pero que a\u00fan le queda por descubrir una de las grandes verdades que enfrenta una guerrera: de que la mayor lucha se libra dentro de nuestro interior.<\/p>\n\n\n\n<div style=\"height:24px\" aria-hidden=\"true\" class=\"wp-block-spacer\"><\/div>\n\n\n\n<div style=\"height:24px\" aria-hidden=\"true\" class=\"wp-block-spacer\"><\/div>\n\n\n\n<blockquote class=\"wp-block-quote has-text-align-center is-layout-flow wp-block-quote-is-layout-flow\">\n<p><\/p>\n<\/blockquote>\n<\/div><\/div>\n","protected":false},"excerpt":{"rendered":"","protected":false},"author":1,"featured_media":0,"parent":0,"menu_order":0,"comment_status":"closed","ping_status":"closed","template":"","meta":{"footnotes":""},"class_list":["post-497","page","type-page","status-publish","hentry"],"yoast_head":"<!-- This site is optimized with the Yoast SEO plugin v23.0 - https:\/\/yoast.com\/wordpress\/plugins\/seo\/ -->\n<title>- Productora Tres Mares<\/title>\n<meta name=\"robots\" content=\"noindex, follow, max-snippet:-1, max-image-preview:large, max-video-preview:-1\" \/>\n<meta property=\"og:locale\" content=\"es_ES\" \/>\n<meta property=\"og:type\" content=\"article\" \/>\n<meta property=\"og:title\" content=\"- Productora Tres Mares\" \/>\n<meta property=\"og:url\" content=\"https:\/\/tresmaresdiseno.net\/index.php\/no-dormire-verte-morir\/\" \/>\n<meta property=\"og:site_name\" content=\"Productora Tres Mares\" \/>\n<meta property=\"article:modified_time\" content=\"2024-05-06T17:36:34+00:00\" \/>\n<meta property=\"og:image\" content=\"http:\/\/tresmaresdiseno.net\/wp-content\/uploads\/2024\/02\/No-Dormire-Para-Verte-Morir_Box_Web.jpg\" \/>\n<meta name=\"twitter:card\" content=\"summary_large_image\" \/>\n<meta name=\"twitter:label1\" content=\"Tiempo de lectura\" \/>\n\t<meta name=\"twitter:data1\" content=\"1 minuto\" \/>\n<script type=\"application\/ld+json\" class=\"yoast-schema-graph\">{\"@context\":\"https:\/\/schema.org\",\"@graph\":[{\"@type\":\"WebPage\",\"@id\":\"https:\/\/tresmaresdiseno.net\/index.php\/no-dormire-verte-morir\/\",\"url\":\"https:\/\/tresmaresdiseno.net\/index.php\/no-dormire-verte-morir\/\",\"name\":\"- Productora Tres Mares\",\"isPartOf\":{\"@id\":\"https:\/\/tresmaresproductora.com\/#website\"},\"primaryImageOfPage\":{\"@id\":\"https:\/\/tresmaresdiseno.net\/index.php\/no-dormire-verte-morir\/#primaryimage\"},\"image\":{\"@id\":\"https:\/\/tresmaresdiseno.net\/index.php\/no-dormire-verte-morir\/#primaryimage\"},\"thumbnailUrl\":\"http:\/\/tresmaresdiseno.net\/wp-content\/uploads\/2024\/02\/No-Dormire-Para-Verte-Morir_Box_Web.jpg\",\"datePublished\":\"2024-05-06T17:35:42+00:00\",\"dateModified\":\"2024-05-06T17:36:34+00:00\",\"inLanguage\":\"es-AR\",\"potentialAction\":[{\"@type\":\"ReadAction\",\"target\":[\"https:\/\/tresmaresdiseno.net\/index.php\/no-dormire-verte-morir\/\"]}]},{\"@type\":\"ImageObject\",\"inLanguage\":\"es-AR\",\"@id\":\"https:\/\/tresmaresdiseno.net\/index.php\/no-dormire-verte-morir\/#primaryimage\",\"url\":\"http:\/\/tresmaresdiseno.net\/wp-content\/uploads\/2024\/02\/No-Dormire-Para-Verte-Morir_Box_Web.jpg\",\"contentUrl\":\"http:\/\/tresmaresdiseno.net\/wp-content\/uploads\/2024\/02\/No-Dormire-Para-Verte-Morir_Box_Web.jpg\"},{\"@type\":\"WebSite\",\"@id\":\"https:\/\/tresmaresproductora.com\/#website\",\"url\":\"https:\/\/tresmaresproductora.com\/\",\"name\":\"Productora Tres Mares\",\"description\":\"\",\"publisher\":{\"@id\":\"https:\/\/tresmaresproductora.com\/#organization\"},\"potentialAction\":[{\"@type\":\"SearchAction\",\"target\":{\"@type\":\"EntryPoint\",\"urlTemplate\":\"https:\/\/tresmaresproductora.com\/?s={search_term_string}\"},\"query-input\":\"required name=search_term_string\"}],\"inLanguage\":\"es-AR\"},{\"@type\":\"Organization\",\"@id\":\"https:\/\/tresmaresproductora.com\/#organization\",\"name\":\"Productora Tres Mares\",\"url\":\"https:\/\/tresmaresproductora.com\/\",\"logo\":{\"@type\":\"ImageObject\",\"inLanguage\":\"es-AR\",\"@id\":\"https:\/\/tresmaresproductora.com\/#\/schema\/logo\/image\/\",\"url\":\"https:\/\/tresmaresdiseno.net\/wp-content\/uploads\/2024\/01\/logo-01.png\",\"contentUrl\":\"https:\/\/tresmaresdiseno.net\/wp-content\/uploads\/2024\/01\/logo-01.png\",\"width\":750,\"height\":104,\"caption\":\"Productora Tres Mares\"},\"image\":{\"@id\":\"https:\/\/tresmaresproductora.com\/#\/schema\/logo\/image\/\"}}]}<\/script>\n<!-- \/ Yoast SEO plugin. -->","yoast_head_json":{"title":"- Productora Tres Mares","robots":{"index":"noindex","follow":"follow","max-snippet":"max-snippet:-1","max-image-preview":"max-image-preview:large","max-video-preview":"max-video-preview:-1"},"og_locale":"es_ES","og_type":"article","og_title":"- Productora Tres Mares","og_url":"https:\/\/tresmaresdiseno.net\/index.php\/no-dormire-verte-morir\/","og_site_name":"Productora Tres Mares","article_modified_time":"2024-05-06T17:36:34+00:00","og_image":[{"url":"http:\/\/tresmaresdiseno.net\/wp-content\/uploads\/2024\/02\/No-Dormire-Para-Verte-Morir_Box_Web.jpg"}],"twitter_card":"summary_large_image","twitter_misc":{"Tiempo de lectura":"1 minuto"},"schema":{"@context":"https:\/\/schema.org","@graph":[{"@type":"WebPage","@id":"https:\/\/tresmaresdiseno.net\/index.php\/no-dormire-verte-morir\/","url":"https:\/\/tresmaresdiseno.net\/index.php\/no-dormire-verte-morir\/","name":"- Productora Tres Mares","isPartOf":{"@id":"https:\/\/tresmaresproductora.com\/#website"},"primaryImageOfPage":{"@id":"https:\/\/tresmaresdiseno.net\/index.php\/no-dormire-verte-morir\/#primaryimage"},"image":{"@id":"https:\/\/tresmaresdiseno.net\/index.php\/no-dormire-verte-morir\/#primaryimage"},"thumbnailUrl":"http:\/\/tresmaresdiseno.net\/wp-content\/uploads\/2024\/02\/No-Dormire-Para-Verte-Morir_Box_Web.jpg","datePublished":"2024-05-06T17:35:42+00:00","dateModified":"2024-05-06T17:36:34+00:00","inLanguage":"es-AR","potentialAction":[{"@type":"ReadAction","target":["https:\/\/tresmaresdiseno.net\/index.php\/no-dormire-verte-morir\/"]}]},{"@type":"ImageObject","inLanguage":"es-AR","@id":"https:\/\/tresmaresdiseno.net\/index.php\/no-dormire-verte-morir\/#primaryimage","url":"http:\/\/tresmaresdiseno.net\/wp-content\/uploads\/2024\/02\/No-Dormire-Para-Verte-Morir_Box_Web.jpg","contentUrl":"http:\/\/tresmaresdiseno.net\/wp-content\/uploads\/2024\/02\/No-Dormire-Para-Verte-Morir_Box_Web.jpg"},{"@type":"WebSite","@id":"https:\/\/tresmaresproductora.com\/#website","url":"https:\/\/tresmaresproductora.com\/","name":"Productora Tres Mares","description":"","publisher":{"@id":"https:\/\/tresmaresproductora.com\/#organization"},"potentialAction":[{"@type":"SearchAction","target":{"@type":"EntryPoint","urlTemplate":"https:\/\/tresmaresproductora.com\/?s={search_term_string}"},"query-input":"required name=search_term_string"}],"inLanguage":"es-AR"},{"@type":"Organization","@id":"https:\/\/tresmaresproductora.com\/#organization","name":"Productora Tres Mares","url":"https:\/\/tresmaresproductora.com\/","logo":{"@type":"ImageObject","inLanguage":"es-AR","@id":"https:\/\/tresmaresproductora.com\/#\/schema\/logo\/image\/","url":"https:\/\/tresmaresdiseno.net\/wp-content\/uploads\/2024\/01\/logo-01.png","contentUrl":"https:\/\/tresmaresdiseno.net\/wp-content\/uploads\/2024\/01\/logo-01.png","width":750,"height":104,"caption":"Productora Tres Mares"},"image":{"@id":"https:\/\/tresmaresproductora.com\/#\/schema\/logo\/image\/"}}]}},"_links":{"self":[{"href":"https:\/\/tresmaresdiseno.net\/index.php\/wp-json\/wp\/v2\/pages\/497"}],"collection":[{"href":"https:\/\/tresmaresdiseno.net\/index.php\/wp-json\/wp\/v2\/pages"}],"about":[{"href":"https:\/\/tresmaresdiseno.net\/index.php\/wp-json\/wp\/v2\/types\/page"}],"author":[{"embeddable":true,"href":"https:\/\/tresmaresdiseno.net\/index.php\/wp-json\/wp\/v2\/users\/1"}],"replies":[{"embeddable":true,"href":"https:\/\/tresmaresdiseno.net\/index.php\/wp-json\/wp\/v2\/comments?post=497"}],"version-history":[{"count":3,"href":"https:\/\/tresmaresdiseno.net\/index.php\/wp-json\/wp\/v2\/pages\/497\/revisions"}],"predecessor-version":[{"id":504,"href":"https:\/\/tresmaresdiseno.net\/index.php\/wp-json\/wp\/v2\/pages\/497\/revisions\/504"}],"wp:attachment":[{"href":"https:\/\/tresmaresdiseno.net\/index.php\/wp-json\/wp\/v2\/media?parent=497"}],"curies":[{"name":"wp","href":"https:\/\/api.w.org\/{rel}","templated":true}]}}