{"id":501,"date":"2024-05-06T14:44:36","date_gmt":"2024-05-06T17:44:36","guid":{"rendered":"https:\/\/tresmaresdiseno.net\/?page_id=501"},"modified":"2024-05-06T14:44:36","modified_gmt":"2024-05-06T17:44:36","slug":"rio-de-congojas","status":"publish","type":"page","link":"https:\/\/tresmaresdiseno.net\/index.php\/rio-de-congojas\/","title":{"rendered":""},"content":{"rendered":"\n<div class=\"wp-block-cover\"><span aria-hidden=\"true\" class=\"wp-block-cover__background has-accent-background-color has-background-dim-70 has-background-dim\"><\/span><img loading=\"lazy\" decoding=\"async\" width=\"400\" height=\"200\" class=\"wp-block-cover__image-background wp-image-230\" alt=\"\" src=\"https:\/\/tresmaresdiseno.net\/wp-content\/uploads\/2024\/02\/Rio-de-la-congojas-Box-Web.jpg\" data-object-fit=\"cover\" srcset=\"https:\/\/tresmaresdiseno.net\/wp-content\/uploads\/2024\/02\/Rio-de-la-congojas-Box-Web.jpg 400w, https:\/\/tresmaresdiseno.net\/wp-content\/uploads\/2024\/02\/Rio-de-la-congojas-Box-Web-300x150.jpg 300w\" sizes=\"(max-width: 400px) 100vw, 400px\" \/><div class=\"wp-block-cover__inner-container is-layout-constrained wp-container-core-cover-is-layout-1 wp-block-cover-is-layout-constrained\">\n<h1 class=\"wp-block-heading has-text-align-left has-heading-color-color has-text-color has-link-color has-xxx-large-font-size wp-elements-779c5db12c0f2a6a4b5e90e31658d669\">R\u00edo de las congojas<\/h1>\n\n\n\n<h3 class=\"wp-block-heading has-heading-color-color has-text-color has-link-color has-large-font-size wp-elements-043c33d3f2decc59c3ea7365b9b1f6a7\" style=\"font-style:normal;font-weight:100\">Largometraje \/ Ficci\u00f3n<\/h3>\n\n\n\n<h3 class=\"wp-block-heading has-heading-color-color has-text-color has-link-color has-large-font-size wp-elements-d62d5e00cde1c9347b1caa07a5b6cc66\" style=\"font-style:normal;font-weight:100\">Autores: Lautaro Ruatta \/\u00a0Mauricio Minotti<\/h3>\n\n\n\n<p class=\"has-heading-color-color has-text-color has-link-color has-small-font-size wp-elements-103c9a803c055a6a8cf52ed03aa9075b\">90\u2019 minutos.\u00a0<mark style=\"background-color:#a4d3dd\" class=\"has-inline-color has-background-color\">En Desarrollo<\/mark><\/p>\n\n\n\n<div style=\"height:28px\" aria-hidden=\"true\" class=\"wp-block-spacer\"><\/div>\n<\/div><\/div>\n\n\n\n<div class=\"wp-block-cover is-light\" style=\"min-height:189px;aspect-ratio:unset;\"><span aria-hidden=\"true\" class=\"wp-block-cover__background has-transparent-background-color has-background-dim-100 has-background-dim\"><\/span><div class=\"wp-block-cover__inner-container is-layout-constrained wp-container-core-cover-is-layout-2 wp-block-cover-is-layout-constrained\">\n<div style=\"height:24px\" aria-hidden=\"true\" class=\"wp-block-spacer\"><\/div>\n\n\n\n<h2 class=\"wp-block-heading has-text-align-left has-heading-color-color has-text-color has-link-color has-large-font-size wp-elements-4fe7660b3187d2acd7b975ed8097f6df\">Sinopsis<\/h2>\n\n\n\n<p class=\"has-heading-color-color has-text-color has-link-color has-small-font-size wp-elements-aa5c9374c0274eb8485a71bca57c39d4\">1580. Mar\u00eda Muratore es mujer mestiza, abandonada por su madre, no reconocida por su padre, criada entre prostitutas. Es fuerte, apasionada y de armas tomar. No quiere casarse ni procrear. Es soldado y amante del conquistador Juan de Garay con quien emprende la aventura de fundar una ciudad espa\u00f1ola r\u00edo abajo por el Paran\u00e1 y donde luchar\u00e1 por ser sujeto de deseo y no objeto de los hombres.<\/p>\n\n\n\n<div style=\"height:24px\" aria-hidden=\"true\" class=\"wp-block-spacer\"><\/div>\n\n\n\n<div style=\"height:24px\" aria-hidden=\"true\" class=\"wp-block-spacer\"><\/div>\n\n\n\n<blockquote class=\"wp-block-quote has-text-align-center is-layout-flow wp-block-quote-is-layout-flow\">\n<p><\/p>\n<\/blockquote>\n<\/div><\/div>\n","protected":false},"excerpt":{"rendered":"","protected":false},"author":1,"featured_media":0,"parent":0,"menu_order":0,"comment_status":"closed","ping_status":"closed","template":"","meta":{"footnotes":""},"class_list":["post-501","page","type-page","status-publish","hentry"],"yoast_head":"<!-- This site is optimized with the Yoast SEO plugin v23.0 - https:\/\/yoast.com\/wordpress\/plugins\/seo\/ -->\n<title>- Productora Tres Mares<\/title>\n<meta name=\"robots\" content=\"noindex, follow, max-snippet:-1, max-image-preview:large, max-video-preview:-1\" \/>\n<meta property=\"og:locale\" content=\"es_ES\" \/>\n<meta property=\"og:type\" content=\"article\" \/>\n<meta property=\"og:title\" content=\"- Productora Tres Mares\" \/>\n<meta property=\"og:url\" content=\"https:\/\/tresmaresdiseno.net\/index.php\/rio-de-congojas\/\" \/>\n<meta property=\"og:site_name\" content=\"Productora Tres Mares\" \/>\n<meta property=\"og:image\" content=\"http:\/\/tresmaresdiseno.net\/wp-content\/uploads\/2024\/02\/Rio-de-la-congojas-Box-Web.jpg\" \/>\n<meta name=\"twitter:card\" content=\"summary_large_image\" \/>\n<meta name=\"twitter:label1\" content=\"Tiempo de lectura\" \/>\n\t<meta name=\"twitter:data1\" content=\"1 minuto\" \/>\n<script type=\"application\/ld+json\" class=\"yoast-schema-graph\">{\"@context\":\"https:\/\/schema.org\",\"@graph\":[{\"@type\":\"WebPage\",\"@id\":\"https:\/\/tresmaresdiseno.net\/index.php\/rio-de-congojas\/\",\"url\":\"https:\/\/tresmaresdiseno.net\/index.php\/rio-de-congojas\/\",\"name\":\"- Productora Tres Mares\",\"isPartOf\":{\"@id\":\"https:\/\/tresmaresproductora.com\/#website\"},\"primaryImageOfPage\":{\"@id\":\"https:\/\/tresmaresdiseno.net\/index.php\/rio-de-congojas\/#primaryimage\"},\"image\":{\"@id\":\"https:\/\/tresmaresdiseno.net\/index.php\/rio-de-congojas\/#primaryimage\"},\"thumbnailUrl\":\"http:\/\/tresmaresdiseno.net\/wp-content\/uploads\/2024\/02\/Rio-de-la-congojas-Box-Web.jpg\",\"datePublished\":\"2024-05-06T17:44:36+00:00\",\"dateModified\":\"2024-05-06T17:44:36+00:00\",\"inLanguage\":\"es-AR\",\"potentialAction\":[{\"@type\":\"ReadAction\",\"target\":[\"https:\/\/tresmaresdiseno.net\/index.php\/rio-de-congojas\/\"]}]},{\"@type\":\"ImageObject\",\"inLanguage\":\"es-AR\",\"@id\":\"https:\/\/tresmaresdiseno.net\/index.php\/rio-de-congojas\/#primaryimage\",\"url\":\"https:\/\/tresmaresdiseno.net\/wp-content\/uploads\/2024\/02\/Rio-de-la-congojas-Box-Web.jpg\",\"contentUrl\":\"https:\/\/tresmaresdiseno.net\/wp-content\/uploads\/2024\/02\/Rio-de-la-congojas-Box-Web.jpg\",\"width\":400,\"height\":200},{\"@type\":\"WebSite\",\"@id\":\"https:\/\/tresmaresproductora.com\/#website\",\"url\":\"https:\/\/tresmaresproductora.com\/\",\"name\":\"Productora Tres Mares\",\"description\":\"\",\"publisher\":{\"@id\":\"https:\/\/tresmaresproductora.com\/#organization\"},\"potentialAction\":[{\"@type\":\"SearchAction\",\"target\":{\"@type\":\"EntryPoint\",\"urlTemplate\":\"https:\/\/tresmaresproductora.com\/?s={search_term_string}\"},\"query-input\":\"required name=search_term_string\"}],\"inLanguage\":\"es-AR\"},{\"@type\":\"Organization\",\"@id\":\"https:\/\/tresmaresproductora.com\/#organization\",\"name\":\"Productora Tres Mares\",\"url\":\"https:\/\/tresmaresproductora.com\/\",\"logo\":{\"@type\":\"ImageObject\",\"inLanguage\":\"es-AR\",\"@id\":\"https:\/\/tresmaresproductora.com\/#\/schema\/logo\/image\/\",\"url\":\"https:\/\/tresmaresdiseno.net\/wp-content\/uploads\/2024\/01\/logo-01.png\",\"contentUrl\":\"https:\/\/tresmaresdiseno.net\/wp-content\/uploads\/2024\/01\/logo-01.png\",\"width\":750,\"height\":104,\"caption\":\"Productora Tres Mares\"},\"image\":{\"@id\":\"https:\/\/tresmaresproductora.com\/#\/schema\/logo\/image\/\"}}]}<\/script>\n<!-- \/ Yoast SEO plugin. -->","yoast_head_json":{"title":"- Productora Tres Mares","robots":{"index":"noindex","follow":"follow","max-snippet":"max-snippet:-1","max-image-preview":"max-image-preview:large","max-video-preview":"max-video-preview:-1"},"og_locale":"es_ES","og_type":"article","og_title":"- Productora Tres Mares","og_url":"https:\/\/tresmaresdiseno.net\/index.php\/rio-de-congojas\/","og_site_name":"Productora Tres Mares","og_image":[{"url":"http:\/\/tresmaresdiseno.net\/wp-content\/uploads\/2024\/02\/Rio-de-la-congojas-Box-Web.jpg"}],"twitter_card":"summary_large_image","twitter_misc":{"Tiempo de lectura":"1 minuto"},"schema":{"@context":"https:\/\/schema.org","@graph":[{"@type":"WebPage","@id":"https:\/\/tresmaresdiseno.net\/index.php\/rio-de-congojas\/","url":"https:\/\/tresmaresdiseno.net\/index.php\/rio-de-congojas\/","name":"- Productora Tres Mares","isPartOf":{"@id":"https:\/\/tresmaresproductora.com\/#website"},"primaryImageOfPage":{"@id":"https:\/\/tresmaresdiseno.net\/index.php\/rio-de-congojas\/#primaryimage"},"image":{"@id":"https:\/\/tresmaresdiseno.net\/index.php\/rio-de-congojas\/#primaryimage"},"thumbnailUrl":"http:\/\/tresmaresdiseno.net\/wp-content\/uploads\/2024\/02\/Rio-de-la-congojas-Box-Web.jpg","datePublished":"2024-05-06T17:44:36+00:00","dateModified":"2024-05-06T17:44:36+00:00","inLanguage":"es-AR","potentialAction":[{"@type":"ReadAction","target":["https:\/\/tresmaresdiseno.net\/index.php\/rio-de-congojas\/"]}]},{"@type":"ImageObject","inLanguage":"es-AR","@id":"https:\/\/tresmaresdiseno.net\/index.php\/rio-de-congojas\/#primaryimage","url":"https:\/\/tresmaresdiseno.net\/wp-content\/uploads\/2024\/02\/Rio-de-la-congojas-Box-Web.jpg","contentUrl":"https:\/\/tresmaresdiseno.net\/wp-content\/uploads\/2024\/02\/Rio-de-la-congojas-Box-Web.jpg","width":400,"height":200},{"@type":"WebSite","@id":"https:\/\/tresmaresproductora.com\/#website","url":"https:\/\/tresmaresproductora.com\/","name":"Productora Tres Mares","description":"","publisher":{"@id":"https:\/\/tresmaresproductora.com\/#organization"},"potentialAction":[{"@type":"SearchAction","target":{"@type":"EntryPoint","urlTemplate":"https:\/\/tresmaresproductora.com\/?s={search_term_string}"},"query-input":"required name=search_term_string"}],"inLanguage":"es-AR"},{"@type":"Organization","@id":"https:\/\/tresmaresproductora.com\/#organization","name":"Productora Tres Mares","url":"https:\/\/tresmaresproductora.com\/","logo":{"@type":"ImageObject","inLanguage":"es-AR","@id":"https:\/\/tresmaresproductora.com\/#\/schema\/logo\/image\/","url":"https:\/\/tresmaresdiseno.net\/wp-content\/uploads\/2024\/01\/logo-01.png","contentUrl":"https:\/\/tresmaresdiseno.net\/wp-content\/uploads\/2024\/01\/logo-01.png","width":750,"height":104,"caption":"Productora Tres Mares"},"image":{"@id":"https:\/\/tresmaresproductora.com\/#\/schema\/logo\/image\/"}}]}},"_links":{"self":[{"href":"https:\/\/tresmaresdiseno.net\/index.php\/wp-json\/wp\/v2\/pages\/501"}],"collection":[{"href":"https:\/\/tresmaresdiseno.net\/index.php\/wp-json\/wp\/v2\/pages"}],"about":[{"href":"https:\/\/tresmaresdiseno.net\/index.php\/wp-json\/wp\/v2\/types\/page"}],"author":[{"embeddable":true,"href":"https:\/\/tresmaresdiseno.net\/index.php\/wp-json\/wp\/v2\/users\/1"}],"replies":[{"embeddable":true,"href":"https:\/\/tresmaresdiseno.net\/index.php\/wp-json\/wp\/v2\/comments?post=501"}],"version-history":[{"count":1,"href":"https:\/\/tresmaresdiseno.net\/index.php\/wp-json\/wp\/v2\/pages\/501\/revisions"}],"predecessor-version":[{"id":502,"href":"https:\/\/tresmaresdiseno.net\/index.php\/wp-json\/wp\/v2\/pages\/501\/revisions\/502"}],"wp:attachment":[{"href":"https:\/\/tresmaresdiseno.net\/index.php\/wp-json\/wp\/v2\/media?parent=501"}],"curies":[{"name":"wp","href":"https:\/\/api.w.org\/{rel}","templated":true}]}}