{"id":503,"date":"2024-05-06T14:57:20","date_gmt":"2024-05-06T17:57:20","guid":{"rendered":"https:\/\/tresmaresdiseno.net\/?page_id=503"},"modified":"2024-05-06T14:57:43","modified_gmt":"2024-05-06T17:57:43","slug":"martina","status":"publish","type":"page","link":"https:\/\/tresmaresdiseno.net\/index.php\/martina\/","title":{"rendered":""},"content":{"rendered":"\n<div class=\"wp-block-cover\"><span aria-hidden=\"true\" class=\"wp-block-cover__background has-accent-background-color has-background-dim-60 has-background-dim\"><\/span><img loading=\"lazy\" decoding=\"async\" width=\"414\" height=\"200\" class=\"wp-block-cover__image-background wp-image-228\" alt=\"\" src=\"https:\/\/tresmaresdiseno.net\/wp-content\/uploads\/2024\/02\/Martina_Box_Web.jpg\" data-object-fit=\"cover\" srcset=\"https:\/\/tresmaresdiseno.net\/wp-content\/uploads\/2024\/02\/Martina_Box_Web.jpg 414w, https:\/\/tresmaresdiseno.net\/wp-content\/uploads\/2024\/02\/Martina_Box_Web-300x145.jpg 300w\" sizes=\"(max-width: 414px) 100vw, 414px\" \/><div class=\"wp-block-cover__inner-container is-layout-constrained wp-container-core-cover-is-layout-1 wp-block-cover-is-layout-constrained\">\n<h1 class=\"wp-block-heading has-text-align-left has-heading-color-color has-text-color has-link-color has-xxx-large-font-size wp-elements-e2af862620105776dee210c18b7c3972\">Martina<\/h1>\n\n\n\n<h3 class=\"wp-block-heading has-heading-color-color has-text-color has-link-color has-large-font-size wp-elements-5c3ce1195f60a45ae793518b00d7db1e\" style=\"font-style:normal;font-weight:100\">Largometraje\/ Ficci\u00f3n<\/h3>\n\n\n\n<h3 class=\"wp-block-heading has-heading-color-color has-text-color has-link-color has-large-font-size wp-elements-f6ba328eb05ad3794854f668d95a2da1\" style=\"font-style:normal;font-weight:100\">Autores: D\u00e9bora Venturi \/\u00a0Mauricio Minotti<\/h3>\n\n\n\n<p class=\"has-heading-color-color has-text-color has-link-color has-small-font-size wp-elements-103c9a803c055a6a8cf52ed03aa9075b\">90\u2019 minutos.\u00a0<mark style=\"background-color:#a4d3dd\" class=\"has-inline-color has-background-color\">En Desarrollo<\/mark><\/p>\n\n\n\n<div style=\"height:28px\" aria-hidden=\"true\" class=\"wp-block-spacer\"><\/div>\n<\/div><\/div>\n\n\n\n<div class=\"wp-block-cover is-light\" style=\"min-height:189px;aspect-ratio:unset;\"><span aria-hidden=\"true\" class=\"wp-block-cover__background has-transparent-background-color has-background-dim-100 has-background-dim\"><\/span><div class=\"wp-block-cover__inner-container is-layout-constrained wp-container-core-cover-is-layout-2 wp-block-cover-is-layout-constrained\">\n<div style=\"height:24px\" aria-hidden=\"true\" class=\"wp-block-spacer\"><\/div>\n\n\n\n<h2 class=\"wp-block-heading has-text-align-left has-heading-color-color has-text-color has-link-color has-large-font-size wp-elements-4fe7660b3187d2acd7b975ed8097f6df\">Sinopsis<\/h2>\n\n\n\n<p class=\"has-heading-color-color has-text-color has-link-color has-small-font-size wp-elements-b1956d88159a6b71d17905163df3ba2a\">1860. Martina es una amazona de las pampas. Mujer a caballo y cuchillo en el cinto. Guerrera de mil batallas. \u00c9l es maestro de un pueblo rural, un hombre de ciudad castigado a trabajar en ese infierno de arena. Una ma\u00f1ana Martina llega al pueblo y secuestra al maestro. Lo lleva hacia las cuevas, lejos de todo. Martina no quiere matarlo solo quiere que el maestro le ense\u00f1e a leer y escribir. Con los d\u00edas el miedo y la desconfianza dar\u00e1n paso a un v\u00ednculo de amor que perdurar\u00e1 en la historia de ambos.<\/p>\n\n\n\n<div style=\"height:24px\" aria-hidden=\"true\" class=\"wp-block-spacer\"><\/div>\n\n\n\n<div style=\"height:24px\" aria-hidden=\"true\" class=\"wp-block-spacer\"><\/div>\n\n\n\n<blockquote class=\"wp-block-quote has-text-align-center is-layout-flow wp-block-quote-is-layout-flow\">\n<p><\/p>\n<\/blockquote>\n<\/div><\/div>\n","protected":false},"excerpt":{"rendered":"","protected":false},"author":1,"featured_media":0,"parent":0,"menu_order":0,"comment_status":"closed","ping_status":"closed","template":"","meta":{"footnotes":""},"class_list":["post-503","page","type-page","status-publish","hentry"],"yoast_head":"<!-- This site is optimized with the Yoast SEO plugin v23.0 - https:\/\/yoast.com\/wordpress\/plugins\/seo\/ -->\n<title>- Productora Tres Mares<\/title>\n<meta name=\"robots\" content=\"noindex, follow, max-snippet:-1, max-image-preview:large, max-video-preview:-1\" \/>\n<meta property=\"og:locale\" content=\"es_ES\" \/>\n<meta property=\"og:type\" content=\"article\" \/>\n<meta property=\"og:title\" content=\"- Productora Tres Mares\" \/>\n<meta property=\"og:url\" content=\"https:\/\/tresmaresdiseno.net\/index.php\/martina\/\" \/>\n<meta property=\"og:site_name\" content=\"Productora Tres Mares\" \/>\n<meta property=\"article:modified_time\" content=\"2024-05-06T17:57:43+00:00\" \/>\n<meta property=\"og:image\" content=\"http:\/\/tresmaresdiseno.net\/wp-content\/uploads\/2024\/02\/Martina_Box_Web.jpg\" \/>\n<meta name=\"twitter:card\" content=\"summary_large_image\" \/>\n<meta name=\"twitter:label1\" content=\"Tiempo de lectura\" \/>\n\t<meta name=\"twitter:data1\" content=\"1 minuto\" \/>\n<script type=\"application\/ld+json\" class=\"yoast-schema-graph\">{\"@context\":\"https:\/\/schema.org\",\"@graph\":[{\"@type\":\"WebPage\",\"@id\":\"https:\/\/tresmaresdiseno.net\/index.php\/martina\/\",\"url\":\"https:\/\/tresmaresdiseno.net\/index.php\/martina\/\",\"name\":\"- Productora Tres Mares\",\"isPartOf\":{\"@id\":\"https:\/\/tresmaresproductora.com\/#website\"},\"primaryImageOfPage\":{\"@id\":\"https:\/\/tresmaresdiseno.net\/index.php\/martina\/#primaryimage\"},\"image\":{\"@id\":\"https:\/\/tresmaresdiseno.net\/index.php\/martina\/#primaryimage\"},\"thumbnailUrl\":\"http:\/\/tresmaresdiseno.net\/wp-content\/uploads\/2024\/02\/Martina_Box_Web.jpg\",\"datePublished\":\"2024-05-06T17:57:20+00:00\",\"dateModified\":\"2024-05-06T17:57:43+00:00\",\"inLanguage\":\"es-AR\",\"potentialAction\":[{\"@type\":\"ReadAction\",\"target\":[\"https:\/\/tresmaresdiseno.net\/index.php\/martina\/\"]}]},{\"@type\":\"ImageObject\",\"inLanguage\":\"es-AR\",\"@id\":\"https:\/\/tresmaresdiseno.net\/index.php\/martina\/#primaryimage\",\"url\":\"https:\/\/tresmaresdiseno.net\/wp-content\/uploads\/2024\/02\/Martina_Box_Web.jpg\",\"contentUrl\":\"https:\/\/tresmaresdiseno.net\/wp-content\/uploads\/2024\/02\/Martina_Box_Web.jpg\",\"width\":414,\"height\":200},{\"@type\":\"WebSite\",\"@id\":\"https:\/\/tresmaresproductora.com\/#website\",\"url\":\"https:\/\/tresmaresproductora.com\/\",\"name\":\"Productora Tres Mares\",\"description\":\"\",\"publisher\":{\"@id\":\"https:\/\/tresmaresproductora.com\/#organization\"},\"potentialAction\":[{\"@type\":\"SearchAction\",\"target\":{\"@type\":\"EntryPoint\",\"urlTemplate\":\"https:\/\/tresmaresproductora.com\/?s={search_term_string}\"},\"query-input\":\"required name=search_term_string\"}],\"inLanguage\":\"es-AR\"},{\"@type\":\"Organization\",\"@id\":\"https:\/\/tresmaresproductora.com\/#organization\",\"name\":\"Productora Tres Mares\",\"url\":\"https:\/\/tresmaresproductora.com\/\",\"logo\":{\"@type\":\"ImageObject\",\"inLanguage\":\"es-AR\",\"@id\":\"https:\/\/tresmaresproductora.com\/#\/schema\/logo\/image\/\",\"url\":\"https:\/\/tresmaresdiseno.net\/wp-content\/uploads\/2024\/01\/logo-01.png\",\"contentUrl\":\"https:\/\/tresmaresdiseno.net\/wp-content\/uploads\/2024\/01\/logo-01.png\",\"width\":750,\"height\":104,\"caption\":\"Productora Tres Mares\"},\"image\":{\"@id\":\"https:\/\/tresmaresproductora.com\/#\/schema\/logo\/image\/\"}}]}<\/script>\n<!-- \/ Yoast SEO plugin. -->","yoast_head_json":{"title":"- Productora Tres Mares","robots":{"index":"noindex","follow":"follow","max-snippet":"max-snippet:-1","max-image-preview":"max-image-preview:large","max-video-preview":"max-video-preview:-1"},"og_locale":"es_ES","og_type":"article","og_title":"- Productora Tres Mares","og_url":"https:\/\/tresmaresdiseno.net\/index.php\/martina\/","og_site_name":"Productora Tres Mares","article_modified_time":"2024-05-06T17:57:43+00:00","og_image":[{"url":"http:\/\/tresmaresdiseno.net\/wp-content\/uploads\/2024\/02\/Martina_Box_Web.jpg"}],"twitter_card":"summary_large_image","twitter_misc":{"Tiempo de lectura":"1 minuto"},"schema":{"@context":"https:\/\/schema.org","@graph":[{"@type":"WebPage","@id":"https:\/\/tresmaresdiseno.net\/index.php\/martina\/","url":"https:\/\/tresmaresdiseno.net\/index.php\/martina\/","name":"- Productora Tres Mares","isPartOf":{"@id":"https:\/\/tresmaresproductora.com\/#website"},"primaryImageOfPage":{"@id":"https:\/\/tresmaresdiseno.net\/index.php\/martina\/#primaryimage"},"image":{"@id":"https:\/\/tresmaresdiseno.net\/index.php\/martina\/#primaryimage"},"thumbnailUrl":"http:\/\/tresmaresdiseno.net\/wp-content\/uploads\/2024\/02\/Martina_Box_Web.jpg","datePublished":"2024-05-06T17:57:20+00:00","dateModified":"2024-05-06T17:57:43+00:00","inLanguage":"es-AR","potentialAction":[{"@type":"ReadAction","target":["https:\/\/tresmaresdiseno.net\/index.php\/martina\/"]}]},{"@type":"ImageObject","inLanguage":"es-AR","@id":"https:\/\/tresmaresdiseno.net\/index.php\/martina\/#primaryimage","url":"https:\/\/tresmaresdiseno.net\/wp-content\/uploads\/2024\/02\/Martina_Box_Web.jpg","contentUrl":"https:\/\/tresmaresdiseno.net\/wp-content\/uploads\/2024\/02\/Martina_Box_Web.jpg","width":414,"height":200},{"@type":"WebSite","@id":"https:\/\/tresmaresproductora.com\/#website","url":"https:\/\/tresmaresproductora.com\/","name":"Productora Tres Mares","description":"","publisher":{"@id":"https:\/\/tresmaresproductora.com\/#organization"},"potentialAction":[{"@type":"SearchAction","target":{"@type":"EntryPoint","urlTemplate":"https:\/\/tresmaresproductora.com\/?s={search_term_string}"},"query-input":"required name=search_term_string"}],"inLanguage":"es-AR"},{"@type":"Organization","@id":"https:\/\/tresmaresproductora.com\/#organization","name":"Productora Tres Mares","url":"https:\/\/tresmaresproductora.com\/","logo":{"@type":"ImageObject","inLanguage":"es-AR","@id":"https:\/\/tresmaresproductora.com\/#\/schema\/logo\/image\/","url":"https:\/\/tresmaresdiseno.net\/wp-content\/uploads\/2024\/01\/logo-01.png","contentUrl":"https:\/\/tresmaresdiseno.net\/wp-content\/uploads\/2024\/01\/logo-01.png","width":750,"height":104,"caption":"Productora Tres Mares"},"image":{"@id":"https:\/\/tresmaresproductora.com\/#\/schema\/logo\/image\/"}}]}},"_links":{"self":[{"href":"https:\/\/tresmaresdiseno.net\/index.php\/wp-json\/wp\/v2\/pages\/503"}],"collection":[{"href":"https:\/\/tresmaresdiseno.net\/index.php\/wp-json\/wp\/v2\/pages"}],"about":[{"href":"https:\/\/tresmaresdiseno.net\/index.php\/wp-json\/wp\/v2\/types\/page"}],"author":[{"embeddable":true,"href":"https:\/\/tresmaresdiseno.net\/index.php\/wp-json\/wp\/v2\/users\/1"}],"replies":[{"embeddable":true,"href":"https:\/\/tresmaresdiseno.net\/index.php\/wp-json\/wp\/v2\/comments?post=503"}],"version-history":[{"count":3,"href":"https:\/\/tresmaresdiseno.net\/index.php\/wp-json\/wp\/v2\/pages\/503\/revisions"}],"predecessor-version":[{"id":508,"href":"https:\/\/tresmaresdiseno.net\/index.php\/wp-json\/wp\/v2\/pages\/503\/revisions\/508"}],"wp:attachment":[{"href":"https:\/\/tresmaresdiseno.net\/index.php\/wp-json\/wp\/v2\/media?parent=503"}],"curies":[{"name":"wp","href":"https:\/\/api.w.org\/{rel}","templated":true}]}}